{"id":79,"date":"2015-11-21T19:00:39","date_gmt":"2015-11-21T19:00:39","guid":{"rendered":"http:\/\/www.spracheberlin.com\/unterricht\/"},"modified":"2020-11-30T21:43:41","modified_gmt":"2020-11-30T20:43:41","slug":"tysk","status":"publish","type":"page","link":"https:\/\/www.spracheberlin.com\/nb\/tysk\/","title":{"rendered":"Tysk"},"content":{"rendered":"<p>TYSKKURS \t\t\t\t\t\t\t\t\t\t\t\t\t\t<\/p>\n<p><!-- .container --><br \/>\n\t\t\t\t\t\t\t\t <!-- .overlay --><\/p>\n<p>Grupper\t\t\t\t\t\t\t\t<\/p>\n<p>Niv\u00e5 A1 og A2<br \/>\n\t\t\t\t\t\t\t\t\t\t\t\t\t\t\t\t\t\t\t\t\t\t\t\t\t\t\t\t\t\t\t\t\t\t\t\t\tA1-KURS: 440,-\u20ac | to ganger i uken | 26 leksjoner | l\u00e6rebok er inkludertA2 &#8211; kurs: 440,-\u20ac\u00a0| to ganger i uken | 26 leksjoner | l\u00e6rebok er inkludert\u00a0\u00a0Hos oss kan du f\u00e5 tyskundervisning tilpasset nordmenn. Vi tilbyr tyskundervisning med norsk som undervisningsspr\u00e5k.L\u00e6rer Torkjell Pharo-Dercks er utdannet tyskl\u00e6rer fra Norge med offisiell godkjenning som tyskl\u00e6rer ved tyske offentlige skoler.<\/p>\n<p>Workshop tysk grammatikk<br \/>\n\t\t\t\t\t\t\t\t\t\t\t\t\t\t\t\t\t\t\t\t\t\t\t\t\t\t\t\t\t\t\t\t\t\t\t\t\tI dette kurset behandles systematisk sentrale grammatikkregler, med s\u00e6rskilt fokus p\u00e5 det som erfaringsmessig viser seg \u00e5 v\u00e6re det vanskeligste n\u00e5r en l\u00e6rer tysk.Kurset egner seg som supplement til kurs i tysk som fremmed- eller andrespr\u00e5k, samt for tyskspr\u00e5klige skoleelever som beh\u00f8ver ekstrahjelp i tysk grammatikk.220, -\u20ac | 190,-\u20ac for ungdom under 18 | en gang i uken | 10 leksjoner | oktober \u2013 desember | l\u00e6remateriale er inkludert | onsdag ettermiddag eller l\u00f8rdag<\/p>\n<p>P\u00e5melding\t\t\t\t\t\t\t\t\t\t\t\t\t\t\t\t\t\t\t\t\t\t\t\t\t\t\t<\/p>\n<p>Ditt fornavn*<\/p>\n<p>Ditt etternavn*<\/p>\n<p>Din e-postadresse*<\/p>\n<p>Telefonnummer <\/p>\n<p>Ditt spr\u00e5k?<br \/>\nnorsksvenskdanskannet spr\u00e5k<br \/>\n Hvordan vil du kontaktes?<br \/>\nE-postWhatsAppSMSring meg<br \/>\n Hvilke kurs interesserer deg?<br \/>\n A1A1 og A2A2Workshop tysk grammatikkandre kurs se min melding<br \/>\n Hvordan fant du oss?br\/&gt;<\/p>\n<p>Din melding<\/p>\n<p>Jeg har erkjent at jeg har rett til informasjon, rettelse, sletting eller anonymisering av dataene mine.&lt;br \/<\/p>\n<p>Kurset tar pause i Berlins skoleferier og p\u00e5 offentlige helligdager. | Andre kurs vil organiseres i september, avhengig av ettersp\u00f8rse<br \/>\n\t\t\t\t\t\t\t\t\t\t\t\t\t\t\t\t\t\t\t\t\t\t\t\t\t\t\t\t\t\t\t\t\t\t\t\t\t<a href=\"https:\/\/www.spracheberlin.com\/nb\/pris-forespoersel\/\"><br \/>\n\t\t\t\t\t\t\t\t\t\t\t\t\t\tKurs foresp\u00f8rsel\t\t\t\t\t\t\t\t\t\t\t\t\t<\/a><\/p>\n<p><!-- \/row --><\/p>\n<p>Kombiner ditt Berlin-opphold med spr\u00e5kkurs!<br \/>\n\t\t\t\t\t\t\t\t\t\t\t\t\t\t\t\t\t\t\t\t\t\tVi hjelper deg med \u00e5 planlegge og organisere en spr\u00e5k- og kulturreise til Berlin. Hvis du \u00f8nsker, hjelper vi deg gjerne med \u00e5 finne et passende overnattingssted i umiddelbar n\u00e6rhet av PharoDercks spr\u00e5kskole.<\/p>\n<p><!-- \/row --><\/p>\n<p>PharoDercks spr\u00e5kskole<br \/>\n\t\t\t\t\t\t\t\t\t\t\t\t\t\t\t\t\t\t\t\t\t\tSpr\u00e5kskolen PharoDercks befinner seg sentralt i Prenzlauer Berg, i Sch\u00f6nhauser Allee. Vil tilbyr b\u00e5de privattimer, som kan starte omg\u00e5ende, og undervisning i sm\u00e5grupper.<\/p>\n<p>Tilpasset skandinaver<br \/>\n\t\t\t\t\t\t\t\t\t\t\t\t\t\t\t\t\t\t\t\t\t\t\t\t\t\t\t\t\t\t\t\t\t\t\t\t\tHos oss f\u00e5r du tyskundervisning tilpasset skandinaver, med fokus p\u00e5 typiske utfordringer som skandinaver har n\u00e5r de l\u00e6rer tysk. I tillegg fremheves de mange likhetene mellom tysk og skandinaviske spr\u00e5k.<\/p>\n<p>Norsk som undervisningsspr\u00e5k<br \/>\n\t\t\t\t\t\t\t\t\t\t\t\t\t\t\t\t\t\t\t\t\t\t\t\t\t\t\t\t\t\t\t\t\t\t\t\t\tFelles for tyskkurs ved de fleste spr\u00e5kskoler er at undervisningsspr\u00e5ket er tysk. For nybegynnere er det n\u00f8dvendig \u00e5 kunne stille sp\u00f8rsm\u00e5l, helst p\u00e5 sitt eget spr\u00e5k. Vi tilbyr tyskundervisning med norsk som undervisningsspr\u00e5k. V\u00e5r tyskl\u00e6rer kan uten problemer tilpasse sitt spr\u00e5k til henholdsvis svensk eller dansk.<\/p>\n<p><a href=\"https:\/\/www.spracheberlin.com\/nb\/pris-forespoersel\/\"><br \/>\n\t\t\t\t\t\t\t\t\t\t\t\t\t\t\t\t\t\t\t\t\t\t\t\t\t\t\t\t\tL\u00e6rer\t\t\t\t\t\t\t\t\t\t\t\t\t\t\t\t\t\t\t\t\t\t\t\t\t\t\t\t\t<\/a><\/p>\n<p>L\u00e6rer Torkjell Pharo-Dercks er utdannet tyskl\u00e6rer fra Norge med offisiell godkjenning som tyskl\u00e6rer ved tyske offentlige skoler.<br \/>\n\t\t\t\t\t\t\t\t\t\t\t\t\t\t\t\t\t\t\t\t\t\t\t\t\t\t\t\t\t\t\t\t\t\t\t\t\t<a href=\"https:\/\/www.spracheberlin.com\/nb\/pris-forespoersel\/\"><br \/>\n\t\t\t\t\t\t\t\t\t\t\t\t\t\tKurs foresp\u00f8rsel\t\t\t\t\t\t\t\t\t\t\t\t\t<\/a><\/p>\n<p><!-- \/row --><\/p>\n<p>Gro\u00dfes Deutsches Sprachdiplom | Tysk fagdidaktikk<br \/>\n\t\t\t\t\t\t\t\t\t\t\t\t\t\t\t\t\t\t\t\t\t\t\t\t\t\t\t\t\t\t\t\t\t\t\t\t\tL\u00e6rer Torkjell Pharo-Dercks er utdannet tyskl\u00e6rer fra Norge med flere \u00e5rs erfaring fra norske videreg\u00e5ende skoler. Han har selv tilegnet seg tysk som et fremmedspr\u00e5k, noe som Grosses Deutsches Sprachdiplom med beste karakter bekrefter. og har offisiell godkjenning som tyskl\u00e6rer ved tyske offentlige skoler.<\/p>\n<p><!-- \/row --><\/p>\n","protected":false},"excerpt":{"rendered":"<p class=\"excerpt\">TYSKKURS Grupper Niv\u00e5 A1 og A2 A1-KURS: 440,-\u20ac | to ganger i uken | 26 leksjoner | l\u00e6rebok er inkludertA2 &#8211; kurs: 440,-\u20ac\u00a0| to ganger i uken | 26 leksjoner | l\u00e6rebok er inkludert\u00a0\u00a0Hos oss kan du f\u00e5 tyskundervisning tilpasset nordmenn. Vi tilbyr tyskundervisning med norsk som undervisningsspr\u00e5k.L\u00e6rer Torkjell Pharo-Dercks er utdannet tyskl\u00e6rer fra Norge [&hellip;]<\/p>\n","protected":false},"author":1,"featured_media":0,"parent":0,"menu_order":0,"comment_status":"closed","ping_status":"closed","template":"builder.php","meta":[],"_links":{"self":[{"href":"https:\/\/www.spracheberlin.com\/nb\/wp-json\/wp\/v2\/pages\/79"}],"collection":[{"href":"https:\/\/www.spracheberlin.com\/nb\/wp-json\/wp\/v2\/pages"}],"about":[{"href":"https:\/\/www.spracheberlin.com\/nb\/wp-json\/wp\/v2\/types\/page"}],"author":[{"embeddable":true,"href":"https:\/\/www.spracheberlin.com\/nb\/wp-json\/wp\/v2\/users\/1"}],"replies":[{"embeddable":true,"href":"https:\/\/www.spracheberlin.com\/nb\/wp-json\/wp\/v2\/comments?post=79"}],"version-history":[{"count":443,"href":"https:\/\/www.spracheberlin.com\/nb\/wp-json\/wp\/v2\/pages\/79\/revisions"}],"predecessor-version":[{"id":20597,"href":"https:\/\/www.spracheberlin.com\/nb\/wp-json\/wp\/v2\/pages\/79\/revisions\/20597"}],"wp:attachment":[{"href":"https:\/\/www.spracheberlin.com\/nb\/wp-json\/wp\/v2\/media?parent=79"}],"curies":[{"name":"wp","href":"https:\/\/api.w.org\/{rel}","templated":true}]}}