{"id":637,"date":"2016-04-08T14:11:42","date_gmt":"2016-04-08T12:11:42","guid":{"rendered":"http:\/\/www.spracheberlin.com\/nb\/?page_id=637"},"modified":"2023-04-28T16:07:01","modified_gmt":"2023-04-28T14:07:01","slug":"saphira-kunst-sela-loex","status":"publish","type":"page","link":"https:\/\/www.spracheberlin.com\/nb\/saphira-kunst-sela-loex\/","title":{"rendered":"Saphira Kunst &#8211; Sela Loex"},"content":{"rendered":"<p>Saphira Kunst &#8211; Sela Loex<br \/>\n\t\t\t\t\t\t\t\t\t\t\t\t\t\t\t\t\t\t\t\t\t\t\t\t\t\t\t\t\t\t\t\t\t\t\t\t\t\t\t\tGrafisk tegner og illustrat\u00f8r<\/p>\n<p><!-- .container --><br \/>\n\t\t\t\t\t\t\t\t <!-- .overlay --><\/p>\n<p>Saphira Kunst, alias Sela Loex<br \/>\n\t\t\t\t\t\t\t\t\t\t\t\t\t\t\t\t\t\t\t\t\t\t\t\t\t\t\t\t\t\t\t\t\t\t\t\t\tSaphira Kunst er f\u00f8dt, oppvokst og forblitt boende i bydelen Kreuzberg i Berlin. Hun arbeider kreativt under pseudonymet \u00abSela Loex\u00bb.(Foto: Marcus Meyer)<\/p>\n<p><!-- \/row --><\/p>\n<p>Fokus for hennes arbeider ligger p\u00e5 uttrykkssterke og fargevoldsomme akvarellblyant- og pastellkrittegninger. Slik fortelles historier som ofte st\u00e5r i forbindelse med tyske ordtak.Med sine bilder skaper Saphira dr\u00f8mmeverdener. Men ikke bare, for utover dette rapporterer om hendelser, der hun sikter p\u00e5 store motsetninger, obskuriteter, ting som forvirrer eller som er fantastiske. Hennes tegninger er fulle av de forskjelligste fasetter og uvanlige perspektiver. Noen ganger grelt, ofte mystisk og hemmelighetsfullt. Av og til sart og sanselig. Alltid fortryllende.Fra Berlin ut i verden, gjenspeiles hennes tiltagende helhetsforst\u00e5else av verden i hennes tegninger. Det er en verden som hun im\u00f8teg\u00e5r med nysgjerrighet og beredskap for egen utvikling \u2013 en verden som hun utforsker og bereiser. Stasjoner for denne nysgjerrigheten er Praha, der hun i rammen av et utlandsstipend tilbragte tid i 2012, og deretter gjennomf\u00f8rte hun reiser til Istanbul, Los Angeles og London i 2014, og i 2015 til Tokyo, Lombok, Bali og Kypros. Sine erfaringer og inntrykk fra disse reisene bearbeidet hun i skisser som ble en viktig bestanddel av hennes arbeid. De dokumenterende gr\u00e5-hvite reiseskissene \u00f8nsker hun at skal forst\u00e5s som banale observasjoner. Riktignok er de meget mer \u2013 de er, bragt p\u00e5 papir, s\u00f8kelys p\u00e5 livet, p\u00e5 verdens scener, enkeltbilder og puslespillbiter, en helt egen realitet som man slik kan etterspore.Kunstnere som har hatt innflytelse p\u00e5 henne er Tim Burton, Anthony Micaleff, Beth Canar-Stichter, Annegret Fuchshuber, Marc Ryden og Nicola Bayley(Foto: Yvonne Gerlich AKA Litla |<a target=\"_blank\" href=\"https:\/\/www.facebook.com\/Litla-198206337052920\/?__mref=message_bubble\" rel=\"noopener\">Litla p\u00e5 facebook<\/a>)<\/p>\n<p>Curriculum Vitae<br \/>\n\t\t\t\t\t\t\t\t\t\t\t\t\t\t\t\t\t\t\t\t\t\t\t\t\t\t\t\t\t\t\t\t\t\t\t\t\tMed fullf\u00f8rt utdannelse som gestaltningsteknisk assistent &#8211; tyngdepunkt scenemaleri og konservering av verneverdige gjenstander \u2013 arbeidet Saphira p\u00e5 Theater an der Parkaue, [markus ph1] medvirket i sceneoppsetningen for \u00abDen flyvende hollender\u00bb [markus ph2] ved Deutsche Oper Berlin, og sto for rekvisitt i kortfilmproduksjonen \u00abDie Organisation \u2013 Eddy kommt nicht\u00bb (\u00abOrganisasjonen \u2013 Eddy kommer ikke\u00bb). I februar 2013 fullf\u00f8rte hun sin andre utdanning til grafisk tegner \u2013 illustrat\u00f8r, Digital Artist, tegnefilm og Trickfilm-tegner, ved Schule f\u00fcr Bildende Kunst und Gestaltung Berlin. I eget forlag og illustrerte hun sin f\u00f8rste bok \u00abDie Kunst der Imagination \u2013 Loex und die fremde Welt &#8211; \u00bb (\u00abInnbildningens kunst \u2013 Loex og den fremmede verden\u00bb). Saphira Kunst alias Sela Loex gestaltet i 2008 i samarbeid med kunstnerne \u00abNOMAD\u00bb og \u00abAsh\u00bb brannvegger i Oppelner Stra\u00dfe og i Mariannenstra\u00dfe i Berlin, et prosjekt av Backjumps\/Bethanien. Dessuten arbeidet Sela Loex sammen med kunstnergruppen \u00abUrban Art Clash\u00bb, og deltok i 2013 sammen med gruppen p\u00e5 Berlin Graphic Days #3. I 2014 presenterte hun sine arbeider som selvstendig kunstner\/illustrat\u00f8r p\u00e5 Berlin Graphic Days #5 i Urban Spree Gallery. I juli 2015 fulgte deltakelsen p\u00e5 Colours Illustration Open Air i Postbahnhof. Fra mars til juli 2016 er hun \u00e5 se p\u00e5 PharoDercks Sprache &#038; Kunst med sin utstilling \u00abContenancen\u00bb.<\/p>\n<p><!-- \/row --><\/p>\n<p>Saphira p\u00e5 net\t\t\t\t\t\t\t\t<\/p>\n<p><a href=\"https:\/\/www.facebook.com\/saphira.kunst\"><br \/>\n\t\t\t\t\t\t\t\t\t\t\t\t\t\tFacebook\t\t\t\t\t\t\t\t\t\t\t\t\t<\/a><\/p>\n<p><a href=\"http:\/\/www.selaloex.com\/\"><br \/>\n\t\t\t\t\t\t\t\t\t\t\t\t\t\tTumblr\t\t\t\t\t\t\t\t\t\t\t\t\t<\/a><\/p>\n<p><a href=\"https:\/\/www.instagram.com\/sela_loex\/?hl=de\"><br \/>\n\t\t\t\t\t\t\t\t\t\t\t\t\t\tInstagram\t\t\t\t\t\t\t\t\t\t\t\t\t<\/a><\/p>\n<p><!-- \/row --><\/p>\n<p><a href=\"http:\/\/whttp:\/\/www.spracheberlin.com\/nb\/kontakt\/\"><br \/>\n\t\t\t\t\t\t\t\t\t\t\t\t\t\t\t\t\t\t\t\t\t\t\t\t\t\t\t\t\tUtstilling\t\t\t\t\t\t\t\t\t\t\t\t\t\t\t\t\t\t\t\t\t\t\t\t\t\t\t\t\t<\/a><\/p>\n<p>Fra 19 mars til 15 juli 2016 i v\u00e5rt galleri&#8230;<br \/>\n\t\t\t\t\t\t\t\t\t\t\t\t\t\t\t\t\t\t\t\t\t\t\t\t\t\t\t\t\t\t\t\t\t\t\t\t\t<a href=\"http:\/\/whttp:\/\/www.spracheberlin.com\/nb\/kontakt\/\"><br \/>\n\t\t\t\t\t\t\t\t\t\t\t\t\t\tVeibeskrivelse\t\t\t\t\t\t\t\t\t\t\t\t\t<\/a><\/p>\n<p>Online Shop<br \/>\n\t\t\t\t\t\t\t\t\t\t\t\t\t\t\t\t\t\t\t\t\t\t\t\t\t\t\t\t\t\t\t\t\t\t\t\t\tcoming soon<\/p>\n<p><a href=\"http:\/\/www.spracheberlin.com\/nb\/kontakt\/\"><br \/>\n\t\t\t\t\t\t\t\t\t\t\t\t\t\t\t\t\t\t\t\t\t\t\t\t\t\t\t\t\tKontakt\t\t\t\t\t\t\t\t\t\t\t\t\t\t\t\t\t\t\t\t\t\t\t\t\t\t\t\t\t<\/a><\/p>\n<p>&#8230;PharoDercks spr\u00e5k &#038; kunst&#8230;<br \/>\n\t\t\t\t\t\t\t\t\t\t\t\t\t\t\t\t\t\t\t\t\t\t\t\t\t\t\t\t\t\t\t\t\t\t\t\t\t<a href=\"http:\/\/www.spracheberlin.com\/nb\/kontakt\/\"><br \/>\n\t\t\t\t\t\t\t\t\t\t\t\t\t\ther\t\t\t\t\t\t\t\t\t\t\t\t\t<\/a><\/p>\n<p><!-- \/row --><\/p>\n","protected":false},"excerpt":{"rendered":"<p class=\"excerpt\">Saphira Kunst &#8211; Sela Loex Grafisk tegner og illustrat\u00f8r Saphira Kunst, alias Sela Loex Saphira Kunst er f\u00f8dt, oppvokst og forblitt boende i bydelen Kreuzberg i Berlin. Hun arbeider kreativt under pseudonymet \u00abSela Loex\u00bb.(Foto: Marcus Meyer) Fokus for hennes arbeider ligger p\u00e5 uttrykkssterke og fargevoldsomme akvarellblyant- og pastellkrittegninger. Slik fortelles historier som ofte st\u00e5r i [&hellip;]<\/p>\n","protected":false},"author":1,"featured_media":0,"parent":0,"menu_order":0,"comment_status":"closed","ping_status":"closed","template":"builder.php","meta":[],"_links":{"self":[{"href":"https:\/\/www.spracheberlin.com\/nb\/wp-json\/wp\/v2\/pages\/637"}],"collection":[{"href":"https:\/\/www.spracheberlin.com\/nb\/wp-json\/wp\/v2\/pages"}],"about":[{"href":"https:\/\/www.spracheberlin.com\/nb\/wp-json\/wp\/v2\/types\/page"}],"author":[{"embeddable":true,"href":"https:\/\/www.spracheberlin.com\/nb\/wp-json\/wp\/v2\/users\/1"}],"replies":[{"embeddable":true,"href":"https:\/\/www.spracheberlin.com\/nb\/wp-json\/wp\/v2\/comments?post=637"}],"version-history":[{"count":5,"href":"https:\/\/www.spracheberlin.com\/nb\/wp-json\/wp\/v2\/pages\/637\/revisions"}],"predecessor-version":[{"id":23164,"href":"https:\/\/www.spracheberlin.com\/nb\/wp-json\/wp\/v2\/pages\/637\/revisions\/23164"}],"wp:attachment":[{"href":"https:\/\/www.spracheberlin.com\/nb\/wp-json\/wp\/v2\/media?parent=637"}],"curies":[{"name":"wp","href":"https:\/\/api.w.org\/{rel}","templated":true}]}}