{"id":403,"date":"2015-11-26T16:52:37","date_gmt":"2015-11-26T16:52:37","guid":{"rendered":"http:\/\/www.spracheberlin.com\/nb\/?page_id=403"},"modified":"2023-04-28T16:07:03","modified_gmt":"2023-04-28T14:07:03","slug":"stephan-kutsch","status":"publish","type":"page","link":"https:\/\/www.spracheberlin.com\/nb\/stephan-kutsch\/","title":{"rendered":"Stephan Kutsch"},"content":{"rendered":"<p>Stephan Kutsch<br \/>\n\t\t\t\t\t\t\t\t\t\t\t\t\t\t\t\t\t\t\t\t\t\t\t\t\t\t\t\t\t\t\t\t\t\t\t\t\t\t\t\t&#8222;H\u00e4nde der Freundschaft&#8220; (&#8222;Vennskapets hender&#8220;)som tok i mot gjestene i inngangsomr\u00e5det p\u00e5 det gamle Ostgut 1999. (Photo: Ren\u00e9 Meier)<\/p>\n<p><!-- .container --><br \/>\n\t\t\t\t\t\t\t\t <!-- .overlay --><\/p>\n<p>Stephan Kutsch<br \/>\n\t\t\t\t\t\t\t\t\t\t\t\t\t\t\t\t\t\t\t\t\t\t\t\t\t\t\t\t\t\t\t\t\t\t\t\t\tDenne ekte berlineren viser seg hos PharoDercks Sprache &amp; Kunst ytterst allsidig. Hans malerier og kollasjer er avvekslingsrike, overraskende, av og til samfunnskritiske, ofte med et glimt i \u00f8yet, og alltid et blikkfang.<\/p>\n<p><!-- \/row --><\/p>\n<p>Stephan Kutsch vokste opp i \u00d8st-Berlin. P\u00e5 slutten av 80-tallet var DDR sin fallitt et faktum, og et voksende antall DDR-innbyggere hadde overhode ikke lenger noe h\u00e5p om bedring av tilstandene, og gjorde alt for \u00e5 n\u00e5, etter deres mening og forestilling, &#8222;det gylne Vesten&#8220;. Ogs\u00e5 Stephan v\u00e5get, og ble tatt ved grensen. D\u00f8mt for fors\u00f8k p\u00e5 &#8222;republikk-flukt&#8220;, og fengslet, kom han i august 1989 til Vest-Tyskland med den siste kontigenten av frikj\u00f8pte fanger, og opplevde murens fall fra Kiel. Slik mange fra hans generasjon gjorde, benyttet han sin nyvunne frihet til \u00e5 reise rundt i den frem til den gang uoppn\u00e5elige verden, og dro til USA, Sydamerika og en rekke vesteuropeiske land. Berlin forble riktignok alltid hans hjemsted. 90-tallets ville Berlin ble til hans hjem; E-Werk, Tresor, 90Grad, overalt kunne man treffe p\u00e5 Stephan. Techno ble pregende, og elektronisk musikk \u00e9n av hans verdener. Hans f\u00f8rste musikkproduksjoner p\u00e5 midten av 90-tallet var en suksess. Men ganske s\u00e5 snart skulle han begynne \u00e5 konsentrere seg f\u00f8rst og fremst om omr\u00e5det for maleri, bildende kunst. Uforglemmelig er hans bilde &#8222;H\u00e4nde der Freundschaft&#8220; (&#8222;Vennskapets hender&#8220;)som tok i mot gjestene i inngangsomr\u00e5det p\u00e5 det gamle Ostgut. Ogs\u00e5 idag er han ut\u00f8vende kunstner og musiker i Berlin, og omtaler seg selv som den &#8222;st\u00f6rste kunstnerinne i den kjente verden&#8220;.<\/p>\n<p><!-- \/row --><\/p>\n<p><a href=\"http:\/\/www.spracheberlin.com\/produkt-kategorie\/stephan-kutsch\/\"><br \/>\n\t\t\t\t\t\t\t\t\t\t\t\t\t\t\t\t\t\t\t\t\t\t\t\t\t\t\t\t\tGalerie\t\t\t\t\t\t\t\t\t\t\t\t\t\t\t\t\t\t\t\t\t\t\t\t\t\t\t\t\t<\/a><\/p>\n<p>Stephan Kutschs kunst sees og kj\u00f8pes her<br \/>\n\t\t\t\t\t\t\t\t\t\t\t\t\t\t\t\t\t\t\t\t\t\t\t\t\t\t\t\t\t\t\t\t\t\t\t\t\t<a href=\"http:\/\/www.spracheberlin.com\/produkt-kategorie\/stephan-kutsch\/\"><br \/>\n\t\t\t\t\t\t\t\t\t\t\t\t\t\tVidere\t\t\t\t\t\t\t\t\t\t\t\t\t<\/a><\/p>\n<p><a href=\"http:\/\/www.spracheberlin.com\/nb\/kontakt\/\"><br \/>\n\t\t\t\t\t\t\t\t\t\t\t\t\t\t\t\t\t\t\t\t\t\t\t\t\t\t\t\t\tKontakt\t\t\t\t\t\t\t\t\t\t\t\t\t\t\t\t\t\t\t\t\t\t\t\t\t\t\t\t\t<\/a><\/p>\n<p>PharoDercks Sprache &#038; Kunst<br \/>\n\t\t\t\t\t\t\t\t\t\t\t\t\t\t\t\t\t\t\t\t\t\t\t\t\t\t\t\t\t\t\t\t\t\t\t\t\t<a href=\"http:\/\/www.spracheberlin.com\/nb\/kontakt\/\"><br \/>\n\t\t\t\t\t\t\t\t\t\t\t\t\t\tVidere\t\t\t\t\t\t\t\t\t\t\t\t\t<\/a><\/p>\n<p><!-- \/row --><\/p>\n","protected":false},"excerpt":{"rendered":"<p class=\"excerpt\">Stephan Kutsch &#8222;H\u00e4nde der Freundschaft&#8220; (&#8222;Vennskapets hender&#8220;)som tok i mot gjestene i inngangsomr\u00e5det p\u00e5 det gamle Ostgut 1999. (Photo: Ren\u00e9 Meier) Stephan Kutsch Denne ekte berlineren viser seg hos PharoDercks Sprache &amp; Kunst ytterst allsidig. Hans malerier og kollasjer er avvekslingsrike, overraskende, av og til samfunnskritiske, ofte med et glimt i \u00f8yet, og alltid et [&hellip;]<\/p>\n","protected":false},"author":1,"featured_media":0,"parent":0,"menu_order":0,"comment_status":"closed","ping_status":"closed","template":"builder.php","meta":[],"_links":{"self":[{"href":"https:\/\/www.spracheberlin.com\/nb\/wp-json\/wp\/v2\/pages\/403"}],"collection":[{"href":"https:\/\/www.spracheberlin.com\/nb\/wp-json\/wp\/v2\/pages"}],"about":[{"href":"https:\/\/www.spracheberlin.com\/nb\/wp-json\/wp\/v2\/types\/page"}],"author":[{"embeddable":true,"href":"https:\/\/www.spracheberlin.com\/nb\/wp-json\/wp\/v2\/users\/1"}],"replies":[{"embeddable":true,"href":"https:\/\/www.spracheberlin.com\/nb\/wp-json\/wp\/v2\/comments?post=403"}],"version-history":[{"count":4,"href":"https:\/\/www.spracheberlin.com\/nb\/wp-json\/wp\/v2\/pages\/403\/revisions"}],"predecessor-version":[{"id":23169,"href":"https:\/\/www.spracheberlin.com\/nb\/wp-json\/wp\/v2\/pages\/403\/revisions\/23169"}],"wp:attachment":[{"href":"https:\/\/www.spracheberlin.com\/nb\/wp-json\/wp\/v2\/media?parent=403"}],"curies":[{"name":"wp","href":"https:\/\/api.w.org\/{rel}","templated":true}]}}