{"id":366,"date":"2015-11-26T18:27:10","date_gmt":"2015-11-26T18:27:10","guid":{"rendered":"http:\/\/www.spracheberlin.com\/nb\/?page_id=366"},"modified":"2023-04-28T16:07:02","modified_gmt":"2023-04-28T14:07:02","slug":"pris-forespoersel","status":"publish","type":"page","link":"https:\/\/www.spracheberlin.com\/nb\/pris-forespoersel\/","title":{"rendered":"Pris foresp\u00f8rsel"},"content":{"rendered":"<p>KURSFORESP\u00d8RSEL<\/p>\n<p><!-- .container --><br \/>\n\t\t\t\t\t\t\t\t <!-- .overlay --><\/p>\n<p>Ditt fornavn*<\/p>\n<p>Ditt etternavn*<\/p>\n<p>Din e-postadresse*<\/p>\n<p>Telefonnummer<\/p>\n<p>Hvordan vil du kontaktes?<br \/>\nE-postWhatsAppSMSring meg <\/p>\n<p>Hvilket spr\u00e5k?<\/p>\n<p>&#8211; Bitte ausw\u00e4hlen &#8211;TyskFranskNorskEngelskSpanskAnnet spr\u00e5k<\/p>\n<p>Hvilket niv\u00e5?<\/p>\n<p>&#8211; Bitte ausw\u00e4hlen &#8211;A1A2B1B2C1C2Niv\u00e5test<\/p>\n<p>Hvilke kurs interesserer deg?<\/p>\n<p>Niv\u00e5 A1 gruppeNiv\u00e5 A2 gruppeNiv\u00e5 B1 gruppeWorkshop tysk grammatikkKomplementerende norsktysk for norske elevertysk for voksne nordmenntoer-gruppe 10 ganger 90 minutterEn-til-en-undervisning 90 minutterEn-til-en-undervisning 60 minutterandre kurs se min melding<\/p>\n<p>Hvilke dager kan du?<\/p>\n<p>MandagTirsdagOnsdagTorsdagFredagL\u00f8rdag<\/p>\n<p>Klokkeslett?<\/p>\n<p>klokka 8.00 &#8211; 9.30klokka 10.00 &#8211; 11.30Om ettermiddagen (kl. 12.00 &#8211; 18.00)klokka 18.00-19.30klokka 20.00-21.30L\u00f8rdag hele dagen<\/p>\n<p>Hvordan fant du oss?br\/&gt;<\/p>\n<p>Din melding<\/p>\n<p>Jeg har erkjent at jeg har rett til informasjon, rettelse, sletting eller anonymisering av dataene mine.&lt;br \/<\/p>\n<p>[recaptcha]<\/p>\n<p>Kontakt<br \/>\n\t\t\t\t\t\t\t\t\t\t\t\t\t\t\t\t\t\t\t\t\t\t\t\t\t\t\t\t\t\t\t\t\t\t\t\t\tPharoDercks GbR Sprache &#038; KunstSch\u00f6nhauser Allee 5810437 BerlinMail:\u00a0<a href=\"mailto:&#105;n&#x66;&#x6f;&#064;&#x70;&#x68;&#097;r&#x6f;&#100;e&#x72;&#099;k&#x73;&#x2e;&#100;&#x65;\">&#105;&#x6e;f&#111;&#x40;&#112;&#x68;a&#114;&#x6f;d&#x65;&#x72;&#099;&#x6b;s&#046;&#x64;e<\/a>Tel.: +49 30 \/ 23 57 35 44<\/p>\n<p><!-- \/row --><\/p>\n","protected":false},"excerpt":{"rendered":"<p class=\"excerpt\">KURSFORESP\u00d8RSEL Ditt fornavn* Ditt etternavn* Din e-postadresse* Telefonnummer Hvordan vil du kontaktes? E-postWhatsAppSMSring meg Hvilket spr\u00e5k? &#8211; Bitte ausw\u00e4hlen &#8211;TyskFranskNorskEngelskSpanskAnnet spr\u00e5k Hvilket niv\u00e5? &#8211; Bitte ausw\u00e4hlen &#8211;A1A2B1B2C1C2Niv\u00e5test Hvilke kurs interesserer deg? Niv\u00e5 A1 gruppeNiv\u00e5 A2 gruppeNiv\u00e5 B1 gruppeWorkshop tysk grammatikkKomplementerende norsktysk for norske elevertysk for voksne nordmenntoer-gruppe 10 ganger 90 minutterEn-til-en-undervisning 90 minutterEn-til-en-undervisning 60 minutterandre [&hellip;]<\/p>\n","protected":false},"author":1,"featured_media":0,"parent":0,"menu_order":0,"comment_status":"closed","ping_status":"closed","template":"builder.php","meta":[],"_links":{"self":[{"href":"https:\/\/www.spracheberlin.com\/nb\/wp-json\/wp\/v2\/pages\/366"}],"collection":[{"href":"https:\/\/www.spracheberlin.com\/nb\/wp-json\/wp\/v2\/pages"}],"about":[{"href":"https:\/\/www.spracheberlin.com\/nb\/wp-json\/wp\/v2\/types\/page"}],"author":[{"embeddable":true,"href":"https:\/\/www.spracheberlin.com\/nb\/wp-json\/wp\/v2\/users\/1"}],"replies":[{"embeddable":true,"href":"https:\/\/www.spracheberlin.com\/nb\/wp-json\/wp\/v2\/comments?post=366"}],"version-history":[{"count":875,"href":"https:\/\/www.spracheberlin.com\/nb\/wp-json\/wp\/v2\/pages\/366\/revisions"}],"predecessor-version":[{"id":23166,"href":"https:\/\/www.spracheberlin.com\/nb\/wp-json\/wp\/v2\/pages\/366\/revisions\/23166"}],"wp:attachment":[{"href":"https:\/\/www.spracheberlin.com\/nb\/wp-json\/wp\/v2\/media?parent=366"}],"curies":[{"name":"wp","href":"https:\/\/api.w.org\/{rel}","templated":true}]}}