{"id":283,"date":"2015-11-26T13:33:13","date_gmt":"2015-11-26T13:33:13","guid":{"rendered":"http:\/\/www.spracheberlin.com\/nb\/?page_id=283"},"modified":"2023-04-28T16:07:05","modified_gmt":"2023-04-28T14:07:05","slug":"fransk","status":"publish","type":"page","link":"https:\/\/www.spracheberlin.com\/nb\/fransk\/","title":{"rendered":"Fransk"},"content":{"rendered":"<p>Franskkurs p\u00e5 alle niv\u00e5<br \/>\n\t\t\t\t\t\t\t\t\t\t\t\t\t\t\t\t\t\t\t\t\t\t\t\t\t\t\t\t\t\t\t\t\t\t\t\t\t\t\t\tHos oss f\u00e5r du franskundervisning med et s\u00e6regent preg. Enten du skal l\u00e6re fransk fra bunnen av, eller du \u00f8nsker \u00e5 friske opp i gamle franskkunnskaper, vi tilpasser undervisningen til ditt niv\u00e5 og dine behov. Hos oss kan du l\u00e6re fransk med norsk, tysk eller engelsk som undervisningsspr\u00e5k.&nbsp;<\/p>\n<p><!-- .container --><br \/>\n\t\t\t\t\t\t\t\t <!-- .overlay --><\/p>\n<p>H\u00f8yt kvalifisert l\u00e6rer<br \/>\n\t\t\t\t\t\t\t\t\t\t\t\t\t\t\t\t\t\t\t\t\t\t\t\t\t\t\t\t\t\t\t\t\t\t\t\t\tUndervisningen holdes av en person som selv har l\u00e6rt fransk som et fremmedspr\u00e5k under et tre-\u00e5rig opphold i Frankrike, der han p\u00e5 en fransk videreg\u00e5ende skole avsluttet med diplomet baccalaur\u00e9at g\u00e9n\u00e9ral. I det f\u00f8lgende fullf\u00f8rte han en master i fransk spr\u00e5k ved Universitetet i Oslo.<\/p>\n<p>Master i fransk og fransk fagdidaktikk<br \/>\n\t\t\t\t\t\t\t\t\t\t\t\t\t\t\t\t\t\t\t\t\t\t\t\t\t\t\t\t\t\t\t\t\t\t\t\t\tI fortsettelsen gjennomf\u00f8rte han et masterstudium i fransk spr\u00e5k med hovedvekt p\u00e5 grammatikk og sammenlignende spr\u00e5kvitenskap. I tillegg har han praktisk-pedagogisk utdanning fra Universitetet i Oslo og er s\u00e5ledes utdannet spr\u00e5kl\u00e6rer, med flere \u00e5rs erfaring fra videreg\u00e5ende skole.<\/p>\n<p><!-- \/row --><\/p>\n","protected":false},"excerpt":{"rendered":"<p class=\"excerpt\">Franskkurs p\u00e5 alle niv\u00e5 Hos oss f\u00e5r du franskundervisning med et s\u00e6regent preg. Enten du skal l\u00e6re fransk fra bunnen av, eller du \u00f8nsker \u00e5 friske opp i gamle franskkunnskaper, vi tilpasser undervisningen til ditt niv\u00e5 og dine behov. Hos oss kan du l\u00e6re fransk med norsk, tysk eller engelsk som undervisningsspr\u00e5k.&nbsp; H\u00f8yt kvalifisert l\u00e6rer [&hellip;]<\/p>\n","protected":false},"author":1,"featured_media":0,"parent":0,"menu_order":0,"comment_status":"closed","ping_status":"closed","template":"builder.php","meta":[],"_links":{"self":[{"href":"https:\/\/www.spracheberlin.com\/nb\/wp-json\/wp\/v2\/pages\/283"}],"collection":[{"href":"https:\/\/www.spracheberlin.com\/nb\/wp-json\/wp\/v2\/pages"}],"about":[{"href":"https:\/\/www.spracheberlin.com\/nb\/wp-json\/wp\/v2\/types\/page"}],"author":[{"embeddable":true,"href":"https:\/\/www.spracheberlin.com\/nb\/wp-json\/wp\/v2\/users\/1"}],"replies":[{"embeddable":true,"href":"https:\/\/www.spracheberlin.com\/nb\/wp-json\/wp\/v2\/comments?post=283"}],"version-history":[{"count":8,"href":"https:\/\/www.spracheberlin.com\/nb\/wp-json\/wp\/v2\/pages\/283\/revisions"}],"predecessor-version":[{"id":23175,"href":"https:\/\/www.spracheberlin.com\/nb\/wp-json\/wp\/v2\/pages\/283\/revisions\/23175"}],"wp:attachment":[{"href":"https:\/\/www.spracheberlin.com\/nb\/wp-json\/wp\/v2\/media?parent=283"}],"curies":[{"name":"wp","href":"https:\/\/api.w.org\/{rel}","templated":true}]}}