{"id":276,"date":"2015-11-26T13:30:35","date_gmt":"2015-11-26T13:30:35","guid":{"rendered":"http:\/\/www.spracheberlin.com\/nb\/?page_id=276"},"modified":"2023-04-28T16:07:05","modified_gmt":"2023-04-28T14:07:05","slug":"norsk","status":"publish","type":"page","link":"https:\/\/www.spracheberlin.com\/nb\/norsk\/","title":{"rendered":"Norsk"},"content":{"rendered":"<p>Norskundervisning p\u00e5 alle niv\u00e5er<br \/>\n\t\t\t\t\t\t\t\t\t\t\t\t\t\t\t\t\t\t\t\t\t\t\t\t\t\t\t\t\t\t\t\t\t\t\t\t\t\t\t\tHos oss f\u00e5r du norskundervisning av en h\u00f8yt kvalifisert l\u00e6rer med norsk som morsm\u00e5l. Undervisningen tilpasses individuelt til ditt niv\u00e5 og dine behov. <\/p>\n<p><!-- .container --><br \/>\n\t\t\t\t\t\t\t\t <!-- .overlay --><\/p>\n<p>Workshop Englisch ab Oktober\t\t\t\t\t\t\t\t<\/p>\n<p>Englisch f\u00fcr Beruf &amp; Alltag<br \/>\n\t\t\t\t\t\t\t\t\t\t\t\t\t\t\t\t\t\t\t\t\t\t\t\t\t\t\t\t\t\t\t\t\t\t\t\t\tSprechen &#8211; Lesen &#8211; SchreibenDer Kurs ist darauf ausgerichtet, auf vorhandenes Wissen aufzubauen und dieses auszubauen. Dabei werden verschiedene Themenkreise behandelt, die praxisorientiert auf unterschiedliche Standartsituationen aus Beruf und Alltag abzielen. Es wird auf die Bed\u00fcrfnisse der Kursteilnehmer eingegangen und W\u00fcnsche ber\u00fccksichtigt, die Themenfelder den Interessen und vorhandenen F\u00e4higkeiten angepasst. &nbsp;Beispielsweise: \u201eSmall Talk &#8211; Das ungezwungene Gespr\u00e4ch mit englischsprachigen Besuchern (und seine Fallen)\u201c. Im Englischen gibt es, auch wenn es sich nur um eine vermeintlich \u201eleichte, ungezwungene\u201c Konversation handelt, durchaus Etiketten, die es zu beachten gilt. Das Gleiche gilt beim Schreiben von E-Mails oder beim Telefonieren. Weitere Themen k\u00f6nnten sein: \u201eEnglisch f\u00fcr die Reise\u201c,\u201eInternetrecherche \u2013 richtige Verwendung von Suchmaschinen und Online-\u00dcbersetzern\u201c \u201eSprachkompetenz Gesch\u00e4ftstermine\u201c, \u201eVerbesserung und Ausbau von F\u00e4higkeiten bei Verhandlungen\u201c, oder \u201eDer diplomatische Umgang in und mit schwierigen Situationen\u201c. &nbsp;Es k\u00f6nnen auch speziell angepasste Workshop zu Einzelthemen eingerichtet werden.220, -\u20ac | Material inklusive|10 Termine \u00e1 90 Minuten | ab Oktober Montag oder Samstag.&nbsp;<\/p>\n<p>Workshop Anmeldung\t\t\t\t\t\t\t\t\t\t\t\t\t\t\t\t\t\t\t\t\t\t\t\t\t\t\t<\/p>\n<p>Vorname *<\/p>\n<p>Nachname *<\/p>\n<p>Ihre E-Mail-Adresse*<\/p>\n<p>Telefonnummer<\/p>\n<p>Wie m\u00f6chten Sie kontaktiert werden?<\/p>\n<p>EmailWhatsAppSMSIch m\u00f6chte angerufen werden<\/p>\n<p>Wie w\u00fcrden Sie Ihre Sprachkenntnisse einsch\u00e4tzen?<\/p>\n<p>&#8211; Bitte ausw\u00e4hlen &#8211;keine Kenntnisseeinfaches Schulenglisch &#8211; kaum verwendeteinfaches Konversationsenglisch &#8211; gelegentlich verwendetge\u00fcbth\u00e4ufig verwendetNiveaustufe (falls bekannt): A1A2B1B2C1C2<\/p>\n<p>Welche Themen interessieren Sie?<\/p>\n<p>Workshop Englisch f\u00fcr den AlltagWorkshop Englisch f\u00fcr den BerufSmall Talk mit englischsprachigen BesuchernTelefon- und E-mail KommunikationEnglisch f\u00fcr die ReiseEnglisch f\u00fcr das InternetSprachkompetenz Gesch\u00e4ftstermineBesser Verhandelnschwierige Situationen diplomatisch meisternUmgang mit Kundenamerikanische Etikettebritische Etikettespezielles Englisch f\u00fcr meine Berufsgruppe\/siehe Nachricht<\/p>\n<p>Welche Tage kommen in Frage?<\/p>\n<p>MontagDienstagMittwochDonnerstagFreitagSamstagSamstagSamstag&amp; Sonntag<\/p>\n<p>Welche Uhrzeit(en)?<\/p>\n<p>8.00 &#8211; 9.30Uhr10.00 &#8211; 11.30 UhrZwischen 12.00 &#8211; 18.00 Uhr18.00 &#8211; 19.30 Uhr20.00 &#8211; 21.30Samstags tags\u00fcber<\/p>\n<p>Ihre Nachricht<\/p>\n<p>Wie haben Sie von uns erfahren?<\/p>\n<p>Ich habe zur Kenntnis genommen, dass ich das Recht auf Auskunft \u00fcber die \u00fcber mich gespeicherten Daten und das Recht auf Korrektur, Anonymisierung oder L\u00f6schung dieser Daten habe. <\/p>\n<p>[recaptcha]<\/p>\n<p><!-- \/row --><\/p>\n<p>H\u00f8yt kvalifisert l\u00e6rer<br \/>\n\t\t\t\t\t\t\t\t\t\t\t\t\t\t\t\t\t\t\t\t\t\t\t\t\t\t\t\t\t\t\t\t\t\t\t\t\tEnten du planlegger en reise til Norge, og derfor \u00f8nsker \u00e5 f\u00e5 litt innsikt i spr\u00e5ket, eller du vurderer \u00e5 utvandre til Norge, vi tilbyr alt fra enkle spr\u00e5kkurs for fritid og reise, til forberedelse for selveste Bergenstesten.<\/p>\n<p>Pedagogikkutdannelse fra Unversitetet i Oslo<br \/>\n\t\t\t\t\t\t\t\t\t\t\t\t\t\t\t\t\t\t\t\t\t\t\t\t\t\t\t\t\t\t\t\t\t\t\t\t\tVi tilbyr forberedelse for Bergenstesten &nbsp;s\u00e5vel som praktisk rettet spr\u00e5kundervisning for reise og fritid.<\/p>\n<p><!-- \/row --><\/p>\n","protected":false},"excerpt":{"rendered":"<p class=\"excerpt\">Norskundervisning p\u00e5 alle niv\u00e5er Hos oss f\u00e5r du norskundervisning av en h\u00f8yt kvalifisert l\u00e6rer med norsk som morsm\u00e5l. Undervisningen tilpasses individuelt til ditt niv\u00e5 og dine behov. Workshop Englisch ab Oktober Englisch f\u00fcr Beruf &amp; Alltag Sprechen &#8211; Lesen &#8211; SchreibenDer Kurs ist darauf ausgerichtet, auf vorhandenes Wissen aufzubauen und dieses auszubauen. Dabei werden verschiedene [&hellip;]<\/p>\n","protected":false},"author":1,"featured_media":0,"parent":0,"menu_order":0,"comment_status":"closed","ping_status":"closed","template":"builder.php","meta":[],"_links":{"self":[{"href":"https:\/\/www.spracheberlin.com\/nb\/wp-json\/wp\/v2\/pages\/276"}],"collection":[{"href":"https:\/\/www.spracheberlin.com\/nb\/wp-json\/wp\/v2\/pages"}],"about":[{"href":"https:\/\/www.spracheberlin.com\/nb\/wp-json\/wp\/v2\/types\/page"}],"author":[{"embeddable":true,"href":"https:\/\/www.spracheberlin.com\/nb\/wp-json\/wp\/v2\/users\/1"}],"replies":[{"embeddable":true,"href":"https:\/\/www.spracheberlin.com\/nb\/wp-json\/wp\/v2\/comments?post=276"}],"version-history":[{"count":613,"href":"https:\/\/www.spracheberlin.com\/nb\/wp-json\/wp\/v2\/pages\/276\/revisions"}],"predecessor-version":[{"id":23176,"href":"https:\/\/www.spracheberlin.com\/nb\/wp-json\/wp\/v2\/pages\/276\/revisions\/23176"}],"wp:attachment":[{"href":"https:\/\/www.spracheberlin.com\/nb\/wp-json\/wp\/v2\/media?parent=276"}],"curies":[{"name":"wp","href":"https:\/\/api.w.org\/{rel}","templated":true}]}}