{"id":255,"date":"2015-11-23T14:23:35","date_gmt":"2015-11-23T13:23:35","guid":{"rendered":"http:\/\/www.spracheberlin.com\/nb\/sprachschule\/"},"modified":"2023-04-28T16:07:09","modified_gmt":"2023-04-28T14:07:09","slug":"sprachschule-2","status":"publish","type":"page","link":"https:\/\/www.spracheberlin.com\/nb\/sprachschule-2\/","title":{"rendered":"Sprachschule"},"content":{"rendered":"<p>Unsere Sprachkurse<br \/>\n\t\t\t\t\t\t\t\t\t\t\t\t\t\t\t\t\t\t\t\t\t\tDiese Kurse werden ab einer Mindestteilnehmerzahl von 4 Personen eingerichtet (maximal 8 Teilnehmer). Sie finden montags bis samstags statt, au\u00dfer in den Berliner Schulferien und an Feiertagen.<\/p>\n<p>Wir setzen auf bewusstes Lernen, weil wir davon \u00fcberzeugt sind, dass Sprachen nicht nur durch Hersagen und Wiederholen von Vokabeln erworben werden kann, sondern auch durch eine Verkn\u00fcpfung mit schon bekannten Mustern, mit Sprachen, die man bereits beherrscht .<\/p>\n<p><a href=\"https:\/\/www.spracheberlin.com\/deutsch\/\"><br \/>\n\t\t\t\t\t\t\t<img decoding=\"async\" loading=\"lazy\" width=\"1000\" height=\"1000\" src=\"https:\/\/www.spracheberlin.com\/wp-content\/uploads\/2019\/06\/julia-solonina-1086548-unsplash-1000x1000.jpg\" \/>\t\t\t\t\t\t<\/a><\/p>\n<p>DeutschBei uns bekommen Sie den besonderen Unterricht, mit einer vergleichenden, sprachwissentschaftlichen und sprachhistorischen Ann\u00e4herung. Der Deutschunterricht in der PharoDercks Sprachschule wird individuell auf Ihre Bed\u00fcrfnisse zugeschnitten.Wir bieten g\u00fcnstigen Einzelunterricht, Partnerkurse, Intensivkurse Deutsch, Konversationskurse, Sprach- Coaching und den klassischen Sprachkurs auf A1, A2, B1, B2, C1 und individuelle Kurse, Sprach &#8211; Coaching auf C2 Niveau.Unsere Gruppenkurse umfassen maximal 8 Teilnehmer. wir erteilen Sprachunterricht f\u00fcr Gruppen \u00fcberwiegend auf \u00a0A1, A2, B1 und B2 Niveau.<br \/>\n\t\t\t\t\t\t\t\t\t\t\t\t\t\t\t\t\t\t\t\t\t\t\t\t\t\t\t\t\t\t\t\t\t\t\t\t\t<a href=\"https:\/\/www.spracheberlin.com\/deutsch\/\"><br \/>\n\t\t\t\t\t\t\t\t\t\t\t\t\t\tweiter lesen \t\t\t\t\t\t\t\t\t\t\t\t\t<\/a><\/p>\n<p><a href=\"https:\/\/www.spracheberlin.com\/norwegisch\/\"><br \/>\n\t\t\t\t\t\t\t<img decoding=\"async\" loading=\"lazy\" width=\"1000\" height=\"1000\" src=\"https:\/\/www.spracheberlin.com\/wp-content\/uploads\/2019\/06\/mikita-karasiou-591387-unsplash-1000x1000.jpg\" \/>\t\t\t\t\t\t<\/a><\/p>\n<p>NorwegischBei uns bekommen Sie den besonderen Unterricht, mit einer vergleichenden, sprachwissentschaftlichen und sprachhistorischen Ann\u00e4herung.Der Norwegischunterricht wird von einem hochqualifizierten Lehrer und \u00a0norwegischem Muttersprachler erteilt. Grundkurse und Gruppenkurse Norwegisch \u00fcberwiegend auf den Niveaustufen A1, A2 und B1; Intensivkurse und Sprachkurse zur Vobereitung auf die Auswanderung erteilen wir individuell auf allen Niveaus.Auf h\u00f6heren Niveaustufen B1, B2 und C1 bieten wir g\u00fcnstigen Einzelunterricht, Partnerkurse, Intensivkurse Norwegisch, Konversationskurse, den klassischen Sprachkurs und individuelles Sprach &#8211; Coaching auf C2 Niveau \u00a0<br \/>\n\t\t\t\t\t\t\t\t\t\t\t\t\t\t\t\t\t\t\t\t\t\t\t\t\t\t\t\t\t\t\t\t\t\t\t\t\t<a href=\"https:\/\/www.spracheberlin.com\/norwegisch\/\"><br \/>\n\t\t\t\t\t\t\t\t\t\t\t\t\t\tweiter lesen\t\t\t\t\t\t\t\t\t\t\t\t\t<\/a><\/p>\n<p><a href=\"https:\/\/www.spracheberlin.com\/franzoesisch\/\"><br \/>\n\t\t\t\t\t\t\t<img decoding=\"async\" loading=\"lazy\" width=\"1000\" height=\"1000\" src=\"https:\/\/www.spracheberlin.com\/wp-content\/uploads\/2019\/06\/jacob-peters-lehm-84415-unsplash-1000x1000.jpg\" \/>\t\t\t\t\t\t<\/a><\/p>\n<p>Franz\u00f6sischBei uns bekommen Sie den besonderen Unterricht, mit einer vergleichenden, sprachwissentschaftlichen und sprachhistorischen Ann\u00e4herung.Unsere Gruppenkurse umfassen maximal 8 Teilnehmer. wir erteilen Sprachunterricht f\u00fcr Gruppen \u00fcberwiegend auf \u00a0A1, A2, B1 und B2 Niveau.Wir bieten g\u00fcnstigen Einzelunterricht, Partnerkurse, Intensivkurse Deutsch, Konversationskurse, Sprach- Coaching und den klassischen Sprachkurs auf A1, A2, B1, B2, C1 und individuelle Kurse, Sprach &#8211; Coaching auf C2 Niveau.<br \/>\n\t\t\t\t\t\t\t\t\t\t\t\t\t\t\t\t\t\t\t\t\t\t\t\t\t\t\t\t\t\t\t\t\t\t\t\t\t<a href=\"https:\/\/www.spracheberlin.com\/franzoesisch\/\"><br \/>\n\t\t\t\t\t\t\t\t\t\t\t\t\t\tweiter lesen\t\t\t\t\t\t\t\t\t\t\t\t\t<\/a><\/p>\n<p><a href=\"https:\/\/www.spracheberlin.com\/englisch\/\"><br \/>\n\t\t\t\t\t\t\t<img decoding=\"async\" loading=\"lazy\" width=\"1000\" height=\"1000\" src=\"https:\/\/www.spracheberlin.com\/wp-content\/uploads\/2019\/06\/adam-wilson-1044540-unsplash-1000x1000.jpg\" \/>\t\t\t\t\t\t<\/a><\/p>\n<p>EnglischDer Englischunterricht bei PharoDercks Sprache &#038; Kunst ist praxisorientiert. \u00a0Das Angebot umfasst sowohl Grundkurse Englisch auf den Niveaustufen A1, A2 und B1. Sowohl f\u00fcr den privaten Bereich als auch f\u00fcr den professionellen Gebrauch.Zus\u00e4tzlich bieten wir zu den Themenkreisen &#8222;Englisch f\u00fcr den Beruf&#8220;, Englisch im Betrieb&#8220;, (Korrespondenz, Verhandlungen, innerbetrieblicher Kommunikation), \u00a0spezielle themenorientierte Intensivkurse und Workshops, sowie klassischen Sprachunterricht, auf B1, B2, C1 und individuelles Sprach &#8211; Coaching auf C2 Niveau.<br \/>\n\t\t\t\t\t\t\t\t\t\t\t\t\t\t\t\t\t\t\t\t\t\t\t\t\t\t\t\t\t\t\t\t\t\t\t\t\t<a href=\"https:\/\/www.spracheberlin.com\/englisch\/\"><br \/>\n\t\t\t\t\t\t\t\t\t\t\t\t\t\tweiter lesen\t\t\t\t\t\t\t\t\t\t\t\t\t<\/a><\/p>\n<p><!-- \/row --><\/p>\n","protected":false},"excerpt":{"rendered":"<p class=\"excerpt\">Unsere Sprachkurse Diese Kurse werden ab einer Mindestteilnehmerzahl von 4 Personen eingerichtet (maximal 8 Teilnehmer). Sie finden montags bis samstags statt, au\u00dfer in den Berliner Schulferien und an Feiertagen. Wir setzen auf bewusstes Lernen, weil wir davon \u00fcberzeugt sind, dass Sprachen nicht nur durch Hersagen und Wiederholen von Vokabeln erworben werden kann, sondern auch durch [&hellip;]<\/p>\n","protected":false},"author":1,"featured_media":0,"parent":0,"menu_order":0,"comment_status":"closed","ping_status":"closed","template":"builder.php","meta":[],"_links":{"self":[{"href":"https:\/\/www.spracheberlin.com\/nb\/wp-json\/wp\/v2\/pages\/255"}],"collection":[{"href":"https:\/\/www.spracheberlin.com\/nb\/wp-json\/wp\/v2\/pages"}],"about":[{"href":"https:\/\/www.spracheberlin.com\/nb\/wp-json\/wp\/v2\/types\/page"}],"author":[{"embeddable":true,"href":"https:\/\/www.spracheberlin.com\/nb\/wp-json\/wp\/v2\/users\/1"}],"replies":[{"embeddable":true,"href":"https:\/\/www.spracheberlin.com\/nb\/wp-json\/wp\/v2\/comments?post=255"}],"version-history":[{"count":1089,"href":"https:\/\/www.spracheberlin.com\/nb\/wp-json\/wp\/v2\/pages\/255\/revisions"}],"predecessor-version":[{"id":22942,"href":"https:\/\/www.spracheberlin.com\/nb\/wp-json\/wp\/v2\/pages\/255\/revisions\/22942"}],"wp:attachment":[{"href":"https:\/\/www.spracheberlin.com\/nb\/wp-json\/wp\/v2\/media?parent=255"}],"curies":[{"name":"wp","href":"https:\/\/api.w.org\/{rel}","templated":true}]}}