{"id":2123,"date":"2018-07-15T01:15:38","date_gmt":"2018-07-14T23:15:38","guid":{"rendered":"https:\/\/www.spracheberlin.com\/?page_id=2123"},"modified":"2023-04-28T16:06:59","modified_gmt":"2023-04-28T14:06:59","slug":"home-2-2","status":"publish","type":"page","link":"https:\/\/www.spracheberlin.com\/nb\/","title":{"rendered":"Hjem"},"content":{"rendered":"<p>VelkommenPharoDercksspr\u00e5kskole<\/p>\n<p><!-- .container --><br \/>\n\t\t\t\t\t\t\t\t <!-- .overlay --><\/p>\n<p><img decoding=\"async\" loading=\"lazy\" width=\"480\" height=\"480\" src=\"https:\/\/www.spracheberlin.com\/wp-content\/uploads\/2019\/06\/julia-solonina-1086548-unsplash-480x480.jpg\" \/>\t\t\t\t<\/p>\n<p>Tysk\t\t\t\t\t\t\t\t\t\t\t\t\t\t\t\t\t\t\t\t\t\t\t\t\t\t\t<\/p>\n<p><img decoding=\"async\" loading=\"lazy\" width=\"480\" height=\"480\" src=\"https:\/\/www.spracheberlin.com\/wp-content\/uploads\/2019\/06\/adam-wilson-1044540-unsplash-480x480.jpg\" \/>\t\t\t\t<\/p>\n<p>Engelsk\t\t\t\t\t\t\t\t\t\t\t\t\t\t\t\t\t\t\t\t\t\t\t\t\t\t\t<\/p>\n<p><img decoding=\"async\" loading=\"lazy\" width=\"480\" height=\"480\" src=\"https:\/\/www.spracheberlin.com\/wp-content\/uploads\/2019\/06\/jacob-peters-lehm-84415-unsplash-480x480.jpg\" \/>\t\t\t\t<\/p>\n<p>Fransk\t\t\t\t\t\t\t\t\t\t\t\t\t\t\t\t\t\t\t\t\t\t\t\t\t\t\t<\/p>\n<p><img decoding=\"async\" loading=\"lazy\" width=\"480\" height=\"480\" src=\"https:\/\/www.spracheberlin.com\/wp-content\/uploads\/2019\/06\/mikita-karasiou-591387-unsplash-480x480.jpg\" \/>\t\t\t\t<\/p>\n<p>Norsk\t\t\t\t\t\t\t\t\t\t\t\t\t\t\t\t\t\t\t\t\t\t\t\t\t\t\t<\/p>\n<p><!-- \/row --><\/p>\n<p>Spr\u00e5kskole med s\u00e6rpreg i Prenzlauer Berg\t\t\t\t\t\t\t\t<\/p>\n<p><!-- \/row --><\/p>\n","protected":false},"excerpt":{"rendered":"<p class=\"excerpt\">VelkommenPharoDercksspr\u00e5kskole Tysk Engelsk Fransk Norsk Spr\u00e5kskole med s\u00e6rpreg i Prenzlauer Berg<\/p>\n","protected":false},"author":1,"featured_media":0,"parent":0,"menu_order":0,"comment_status":"closed","ping_status":"closed","template":"builder.php","meta":[],"_links":{"self":[{"href":"https:\/\/www.spracheberlin.com\/nb\/wp-json\/wp\/v2\/pages\/2123"}],"collection":[{"href":"https:\/\/www.spracheberlin.com\/nb\/wp-json\/wp\/v2\/pages"}],"about":[{"href":"https:\/\/www.spracheberlin.com\/nb\/wp-json\/wp\/v2\/types\/page"}],"author":[{"embeddable":true,"href":"https:\/\/www.spracheberlin.com\/nb\/wp-json\/wp\/v2\/users\/1"}],"replies":[{"embeddable":true,"href":"https:\/\/www.spracheberlin.com\/nb\/wp-json\/wp\/v2\/comments?post=2123"}],"version-history":[{"count":951,"href":"https:\/\/www.spracheberlin.com\/nb\/wp-json\/wp\/v2\/pages\/2123\/revisions"}],"predecessor-version":[{"id":23160,"href":"https:\/\/www.spracheberlin.com\/nb\/wp-json\/wp\/v2\/pages\/2123\/revisions\/23160"}],"wp:attachment":[{"href":"https:\/\/www.spracheberlin.com\/nb\/wp-json\/wp\/v2\/media?parent=2123"}],"curies":[{"name":"wp","href":"https:\/\/api.w.org\/{rel}","templated":true}]}}