{"id":177,"date":"2015-11-24T15:51:01","date_gmt":"2015-11-24T15:51:01","guid":{"rendered":"http:\/\/www.spracheberlin.com\/nb\/?page_id=177"},"modified":"2023-04-28T16:07:07","modified_gmt":"2023-04-28T14:07:07","slug":"kontakt","status":"publish","type":"page","link":"https:\/\/www.spracheberlin.com\/nb\/kontakt\/","title":{"rendered":"Kontakt"},"content":{"rendered":"\n<p>Veibeskrivelse<br \/>\n\t\t\t\t\t\t\t\t\t\t\t\t\t\t\t\t\t\t\t\t\t\t\t\t\t\t\t\t\t\t\t\t\t\t\t\t\tVi befinner oss i bydelen Prenzlauer Berg, p\u00e5 den travle avenyen Sch\u00f6nhauser Allee 58, med meget god tilknytning til offentlig transport: U-Bahn, S-Bahn og flere trikkelinjer.U2|M10 Eberswalder Stra\u00dfe\u00a0S41|S42|S8|S9 Sch\u00f6nhauser AlleeM1 Milastra\u00dfeTram 12 Raumerstra\u00dfe<\/p>\n<p>Kontakt\t\t\t\t\t\t\t\t\t\t\t\t\t\t\t\t\t\t\t\t\t\t\t\t\t\t\t<\/p>\n<p>Ditt fornavn*<\/p>\n<p>Ditt etternavn*<\/p>\n<p>Din e-postadresse*<\/p>\n<p>Telefonnummer<\/p>\n<p>Hvordan vil du kontaktes?<br \/>\nE-postWhatsAppSMSring meg <\/p>\n<p>Regard<\/p>\n<p>Din melding<\/p>\n<p>[recaptcha]<\/p>\n<p>Adresse<br \/>\n\t\t\t\t\t\t\t\t\t\t\t\t\t\t\t\t\t\t\t\t\t\t\t\t\t\t\t\t\t\t\t\t\t\t\t\t\tPharoDercks GbR Sprache &#038; KunstSch\u00f6nhauser Allee 5810437 BerlinMail: <a href=\"mailto:info&#064;pharodercks&#046;&#100;&#101;\">&#x69;&#110;f&#x6f;&#064;&#112;&#x68;&#x61;&#114;o&#x64;&#101;r&#x63;&#x6b;&#115;&#046;&#x64;&#101;<\/a>Tel.: +49 30 \/ 23 57 35 44<\/p>\n<p><!-- \/row --><\/p>\n","protected":false},"excerpt":{"rendered":"<p class=\"excerpt\">Veibeskrivelse Vi befinner oss i bydelen Prenzlauer Berg, p\u00e5 den travle avenyen Sch\u00f6nhauser Allee 58, med meget god tilknytning til offentlig transport: U-Bahn, S-Bahn og flere trikkelinjer.U2|M10 Eberswalder Stra\u00dfe\u00a0S41|S42|S8|S9 Sch\u00f6nhauser AlleeM1 Milastra\u00dfeTram 12 Raumerstra\u00dfe Kontakt Ditt fornavn* Ditt etternavn* Din e-postadresse* Telefonnummer Hvordan vil du kontaktes? E-postWhatsAppSMSring meg Regard Din melding [recaptcha] Adresse PharoDercks GbR [&hellip;]<\/p>\n","protected":false},"author":1,"featured_media":0,"parent":0,"menu_order":0,"comment_status":"closed","ping_status":"closed","template":"builder.php","meta":[],"_links":{"self":[{"href":"https:\/\/www.spracheberlin.com\/nb\/wp-json\/wp\/v2\/pages\/177"}],"collection":[{"href":"https:\/\/www.spracheberlin.com\/nb\/wp-json\/wp\/v2\/pages"}],"about":[{"href":"https:\/\/www.spracheberlin.com\/nb\/wp-json\/wp\/v2\/types\/page"}],"author":[{"embeddable":true,"href":"https:\/\/www.spracheberlin.com\/nb\/wp-json\/wp\/v2\/users\/1"}],"replies":[{"embeddable":true,"href":"https:\/\/www.spracheberlin.com\/nb\/wp-json\/wp\/v2\/comments?post=177"}],"version-history":[{"count":730,"href":"https:\/\/www.spracheberlin.com\/nb\/wp-json\/wp\/v2\/pages\/177\/revisions"}],"predecessor-version":[{"id":23180,"href":"https:\/\/www.spracheberlin.com\/nb\/wp-json\/wp\/v2\/pages\/177\/revisions\/23180"}],"wp:attachment":[{"href":"https:\/\/www.spracheberlin.com\/nb\/wp-json\/wp\/v2\/media?parent=177"}],"curies":[{"name":"wp","href":"https:\/\/api.w.org\/{rel}","templated":true}]}}