{"id":824,"date":"2016-11-16T02:38:55","date_gmt":"2016-11-16T01:38:55","guid":{"rendered":"https:\/\/www.spracheberlin.com\/fr\/?page_id=824"},"modified":"2023-04-28T16:07:00","modified_gmt":"2023-04-28T14:07:00","slug":"ecole-2","status":"publish","type":"page","link":"https:\/\/www.spracheberlin.com\/fr\/ecole-2\/","title":{"rendered":"L&rsquo;\u00e9cole de langues"},"content":{"rendered":"<p>L&rsquo;ecole de langues<br \/>\n\t\t\t\t\t\t\t\t\t\t\t\t\t\t\t\t\t\t\t\t\t\tNous misons sur un apprentissage actif, car nous sommes persuad\u00e9s que la ma\u00eetrise d\u2019une langue ne passe pas seulement par la r\u00e9citation et la r\u00e9p\u00e9tition de mots de vocabulaire mais \u00e9galement par la mise en relation avec des structures d\u00e9j\u00e0 connues et avec des langues d\u00e9j\u00e0 pratiqu\u00e9es.<\/p>\n<p><a href=\"https:\/\/www.spracheberlin.com\/fr\/deutsch\/\"><br \/>\n\t\t\t\t\t\t\t<img decoding=\"async\" loading=\"lazy\" width=\"1000\" height=\"1000\" src=\"https:\/\/www.spracheberlin.com\/wp-content\/uploads\/2019\/06\/julia-solonina-1086548-unsplash-1000x1000.jpg\" \/>\t\t\t\t\t\t<\/a><\/p>\n<p><a href=\"https:\/\/www.spracheberlin.com\/fr\/deutsch\/\"><br \/>\n\t\t\t\t\t\t\t\t\t\t\t\t\t\t\t\t\t\t\t\t\t\t\t\t\t\t\t\t\tAllemand\t\t\t\t\t\t\t\t\t\t\t\t\t\t\t\t\t\t\t\t\t\t\t\t\t\t\t\t\t<\/a><\/p>\n<p>Nous offrons des cours particuliers des cours intensifs, des cours de conversation, du coaching en allemand ainsi que des cours standards pour les niveaux A1, A2, B1, B2 et C1. Nous proposons aussi des cours individuels et du coaching en allemand au niveau C2.Nous assurons majoritairement des cours pour des groupes de niveaux A1, A2, B1 et B2.<br \/>\n\t\t\t\t\t\t\t\t\t\t\t\t\t\t\t\t\t\t\t\t\t\t\t\t\t\t\t\t\t\t\t\t\t\t\t\t\t<a href=\"https:\/\/www.spracheberlin.com\/fr\/deutsch\/\"><br \/>\n\t\t\t\t\t\t\t\t\t\t\t\t\t\tEn savoir plus\t\t\t\t\t\t\t\t\t\t\t\t\t<\/a><\/p>\n<p><img decoding=\"async\" loading=\"lazy\" width=\"1000\" height=\"1000\" src=\"https:\/\/www.spracheberlin.com\/wp-content\/uploads\/2019\/06\/mikita-karasiou-591387-unsplash-1000x1000.jpg\" \/>\t\t\t\t<\/p>\n<p>Norv\u00e9gien<br \/>\n\t\t\t\t\t\t\t\t\t\t\t\t\t\t\t\t\t\t\t\t\t\t\t\t\t\t\t\t\t\t\t\t\t\t\t\t\tL\u2019enseignement du norv\u00e9gien est assur\u00e9 par un professeur hautement qualifi\u00e9 et de langue maternelle norv\u00e9gienne. Les cours d\u2019initiation et les cours en groupes ont essentiellement lieu pour les niveaux A1, A2 et B1. Quant aux cours intensifs ou quant aux cours de pr\u00e9paration \u00e0 l\u2019\u00e9migration, nous les r\u00e9partissons de fa\u00e7on individuelle sur tous les niveaux.Pour les niveaux plus \u00e9lev\u00e9s B1, B2 et C1, l\u2019\u00e9cole de langues PharoDercks propose, pour une modique somme, des cours individuels, des cours intensifs, des cours de conversation, des cours standards en groupes, ainsi qu\u2019un coaching individuel en norv\u00e9gien pour le niveau C2.<\/p>\n<p><img decoding=\"async\" loading=\"lazy\" width=\"1000\" height=\"1000\" src=\"https:\/\/www.spracheberlin.com\/wp-content\/uploads\/2019\/06\/adam-wilson-1044540-unsplash-1000x1000.jpg\" \/>\t\t\t\t<\/p>\n<p>Anglais<br \/>\n\t\t\t\t\t\t\t\t\t\t\t\t\t\t\t\t\t\t\t\t\t\t\t\t\t\t\t\t\t\t\t\t\t\t\t\t\tA l\u2019\u00e9cole de langues PharoDercks, l\u2019enseignement de l\u2019anglais a des vis\u00e9es pratiques et est assur\u00e9 par un coach exp\u00e9riment\u00e9 et de langue maternelle anglaise.Notre offre s\u2019\u00e9tend aussi bien aux cours standards d\u2019anglais pour les niveaux A1, A2 que B1 ; qu\u2019il s\u2019agisse d\u2019un besoin pour la vie priv\u00e9e ou pour une utilisation professionnelle.En outre, s\u2019ajoutent \u00e0 nos groupes th\u00e9matiques comme \u00ab l\u2019anglais professionnel \u00bb ou \u00ab l\u2019anglais au sein d\u2019une compagnie \u00bb (correspondance, n\u00e9gociations, communication intra-entreprise), des cours intensifs, des ateliers articul\u00e9s autour de th\u00e9matiques sp\u00e9cifiques et des cours standards pour les niveaux B1, B2 et C1 ainsi que du coaching individuel en anglais pour le niveau C2.<\/p>\n<p><img decoding=\"async\" loading=\"lazy\" width=\"1000\" height=\"1000\" src=\"https:\/\/www.spracheberlin.com\/wp-content\/uploads\/2019\/06\/jacob-peters-lehm-84415-unsplash-1000x1000.jpg\" \/>\t\t\t\t<\/p>\n<p>Fran\u00e7ais<br \/>\n\t\t\t\t\t\t\t\t\t\t\t\t\t\t\t\t\t\t\t\t\t\t\t\t\t\t\t\t\t\t\t\t\t\t\t\t\tNous assurons majoritairement des cours pour des groupes de niveaux A1, A2, B1 et B2.L\u2019\u00e9cole de langues PharoDercks offre des cours particuliers, des cours intensifs, des cours de conversation, du coaching en fran\u00e7ais ainsi que des cours standards pour les niveaux A1, A2, B1, B2 et C1. Nous proposons aussi des cours individuels et du coaching en fran\u00e7ais au niveau C2.<\/p>\n<p><!-- \/row --><\/p>\n<p>Nos cours de langues\t\t\t\t\t\t\t\t<\/p>\n<p>Nous vous proposons des cours de langues qui sortent de l\u2019ordinaire avec une approche comparative, linguistique et \u00e9tymologique. A l\u2019\u00e9cole de langues &amp; galerie d\u2019art contemporain PharoDercks nous adaptons le cours de langues \u00e0 vos besoins personnels.<\/p>\n<p>Nous offrons des cours particuliers \u00e0 un prix peu \u00e9lev\u00e9, des cours intensifs, des cours de conversation, du coaching ainsi que des cours standards pour les niveaux A1, A2, B1, B2 et C1. Nous proposons aussi des cours individuels et du coaching au niveau C2.Le nombre maximum de participants pour nos cours en groupe est fix\u00e9 \u00e0 6 et le nombre minimum \u00e0 4. Nous assurons majoritairement des cours pour des groupes de niveaux A1, A2, B1 et B2.<\/p>\n<p><!-- \/row --><\/p>\n","protected":false},"excerpt":{"rendered":"<p class=\"excerpt\">L&rsquo;ecole de langues Nous misons sur un apprentissage actif, car nous sommes persuad\u00e9s que la ma\u00eetrise d\u2019une langue ne passe pas seulement par la r\u00e9citation et la r\u00e9p\u00e9tition de mots de vocabulaire mais \u00e9galement par la mise en relation avec des structures d\u00e9j\u00e0 connues et avec des langues d\u00e9j\u00e0 pratiqu\u00e9es. Allemand Nous offrons des cours [&hellip;]<\/p>\n","protected":false},"author":1,"featured_media":0,"parent":0,"menu_order":0,"comment_status":"closed","ping_status":"closed","template":"builder.php","meta":[],"_links":{"self":[{"href":"https:\/\/www.spracheberlin.com\/fr\/wp-json\/wp\/v2\/pages\/824"}],"collection":[{"href":"https:\/\/www.spracheberlin.com\/fr\/wp-json\/wp\/v2\/pages"}],"about":[{"href":"https:\/\/www.spracheberlin.com\/fr\/wp-json\/wp\/v2\/types\/page"}],"author":[{"embeddable":true,"href":"https:\/\/www.spracheberlin.com\/fr\/wp-json\/wp\/v2\/users\/1"}],"replies":[{"embeddable":true,"href":"https:\/\/www.spracheberlin.com\/fr\/wp-json\/wp\/v2\/comments?post=824"}],"version-history":[{"count":854,"href":"https:\/\/www.spracheberlin.com\/fr\/wp-json\/wp\/v2\/pages\/824\/revisions"}],"predecessor-version":[{"id":23162,"href":"https:\/\/www.spracheberlin.com\/fr\/wp-json\/wp\/v2\/pages\/824\/revisions\/23162"}],"wp:attachment":[{"href":"https:\/\/www.spracheberlin.com\/fr\/wp-json\/wp\/v2\/media?parent=824"}],"curies":[{"name":"wp","href":"https:\/\/api.w.org\/{rel}","templated":true}]}}