{"id":6449,"date":"2018-07-18T05:17:56","date_gmt":"2018-07-18T03:17:56","guid":{"rendered":"https:\/\/www.spracheberlin.com\/?page_id=6449"},"modified":"2023-04-28T16:06:57","modified_gmt":"2023-04-28T14:06:57","slug":"6449-2","status":"publish","type":"page","link":"https:\/\/www.spracheberlin.com\/fr\/6449-2\/","title":{"rendered":"demande de cours"},"content":{"rendered":"<p>Demande de cours<\/p>\n<p><!-- .container --><br \/>\n\t\t\t\t\t\t\t\t <!-- .overlay --><\/p>\n<p>Demande de cours\t\t\t\t\t\t\t\t<\/p>\n<p>Pr\u00e9nom*<\/p>\n<p>Nom*<\/p>\n<p>Adresse email*<\/p>\n<p>Num\u00e9ro de t\u00e9l\u00e9phone<\/p>\n<p>Comment d\u00e9sirez-vous \u00eatre contact\u00e9?<br \/>\nEmailWhatsAppSMSAppelez-moi <\/p>\n<p>A quelle langue vous int\u00e9ressez-vous?<\/p>\n<p>&#8211; Bitte ausw\u00e4hlen &#8211;norv\u00e9gienfran\u00e7aisallemandanglaisvoir message<\/p>\n<p>A quel niveau voudriez-vous commencer?<\/p>\n<p>&#8211; Bitte ausw\u00e4hlen &#8211;A1A2B1B2C1C2test de niveau<\/p>\n<p>Quels jours sont possibles?<\/p>\n<p>lundimardimercredijeudivendredisamedi<\/p>\n<p>Quels horaires vous conviendraient?<\/p>\n<p>8.00 &#8211; 9.3010.00 &#8211; 11.3012.00 &#8211; 18.0018.00 &#8211; 19.3020.00 &#8211; 21.30samedi pendant la journ\u00e9e<\/p>\n<p>Combien de fois par semaine?<\/p>\n<p>1 fois par semaine2 fois par semaine3 fois ou plus<\/p>\n<p>Quel cours?<\/p>\n<p>groupescours individuels, 60 min.cours individuels, 90 min.groupes de deux (couple)atelier grammaire allemande<\/p>\n<p>Comment nous avez-vous trouv\u00e9s?<\/p>\n<p>sujet<\/p>\n<p>Votre message<\/p>\n<p>En soumettant ce formulaire, j\u2019accepte que les informations saisies dans ce formulaire soient enregistr\u00e9es et trait\u00e9es pour permettre ult\u00e9rieurement d\u2019envoyer une r\u00e9ponse \u00e0 ma demande. Pour conna\u00eetre et exercer vos droits, notamment de retrait de votre consentement \u00e0 l&rsquo;utilisation des donn\u00e9es collect\u00e9es par ce formulaire, veuillez consulter notre DATENSCHUTZERKL\u00c4RUNG (politique de confidentialit\u00e9)&lt;br \/<\/p>\n<p>[recaptcha]<\/p>\n","protected":false},"excerpt":{"rendered":"<p class=\"excerpt\">Demande de cours Demande de cours Pr\u00e9nom* Nom* Adresse email* Num\u00e9ro de t\u00e9l\u00e9phone Comment d\u00e9sirez-vous \u00eatre contact\u00e9? EmailWhatsAppSMSAppelez-moi A quelle langue vous int\u00e9ressez-vous? &#8211; Bitte ausw\u00e4hlen &#8211;norv\u00e9gienfran\u00e7aisallemandanglaisvoir message A quel niveau voudriez-vous commencer? &#8211; Bitte ausw\u00e4hlen &#8211;A1A2B1B2C1C2test de niveau Quels jours sont possibles? lundimardimercredijeudivendredisamedi Quels horaires vous conviendraient? 8.00 &#8211; 9.3010.00 &#8211; 11.3012.00 &#8211; 18.0018.00 [&hellip;]<\/p>\n","protected":false},"author":1,"featured_media":0,"parent":0,"menu_order":0,"comment_status":"closed","ping_status":"closed","template":"builder.php","meta":[],"_links":{"self":[{"href":"https:\/\/www.spracheberlin.com\/fr\/wp-json\/wp\/v2\/pages\/6449"}],"collection":[{"href":"https:\/\/www.spracheberlin.com\/fr\/wp-json\/wp\/v2\/pages"}],"about":[{"href":"https:\/\/www.spracheberlin.com\/fr\/wp-json\/wp\/v2\/types\/page"}],"author":[{"embeddable":true,"href":"https:\/\/www.spracheberlin.com\/fr\/wp-json\/wp\/v2\/users\/1"}],"replies":[{"embeddable":true,"href":"https:\/\/www.spracheberlin.com\/fr\/wp-json\/wp\/v2\/comments?post=6449"}],"version-history":[{"count":397,"href":"https:\/\/www.spracheberlin.com\/fr\/wp-json\/wp\/v2\/pages\/6449\/revisions"}],"predecessor-version":[{"id":23157,"href":"https:\/\/www.spracheberlin.com\/fr\/wp-json\/wp\/v2\/pages\/6449\/revisions\/23157"}],"wp:attachment":[{"href":"https:\/\/www.spracheberlin.com\/fr\/wp-json\/wp\/v2\/media?parent=6449"}],"curies":[{"name":"wp","href":"https:\/\/api.w.org\/{rel}","templated":true}]}}