{"id":4587,"date":"2015-11-23T15:28:48","date_gmt":"2015-11-23T15:28:48","guid":{"rendered":"https:\/\/www.spracheberlin.com\/kontakt\/"},"modified":"2023-04-28T16:07:09","modified_gmt":"2023-04-28T14:07:09","slug":"kontakt","status":"publish","type":"page","link":"https:\/\/www.spracheberlin.com\/fr\/kontakt\/","title":{"rendered":"contact"},"content":{"rendered":"<p><!-- \/row --><\/p>\n<p>Comment aller l\u00e0<br \/>\n\t\t\t\t\t\t\t\t\t\t\t\t\t\t\t\t\t\t\t\t\t\t\t\t\t\t\t\t\t\t\t\t\t\t\t\t\tL\u2019\u00e9cole de langues &#038; galerie d\u2019art contemporain PharoDercks se situe en plein centre du quartier de Prenzlauer Berg, sur l\u2019agr\u00e9able et r\u00e9put\u00e9e promenade de la Sch\u00f6nhauser Allee (non loin du non moins fameux Mauerpark). Il vous sera tr\u00e8s facile de vous y rendre par m\u00e9tro (U-Bahn), par RER (S-Bahn) ou encore par tramway (Metrotram) !U2 | M10 Eberswalder Stra\u00dfeS41 | S42 | S8 | S9 Sch\u00f6nhauser AlleeM1 Milastra\u00dfeTram 12 Raumerstra\u00dfeSch\u00f6nhauser Allee 58 | Berlin \u2013 Prenzlauer BergTram 12 Raumerstra\u00dfe<\/p>\n<p>Contact\t\t\t\t\t\t\t\t\t\t\t\t\t\t\t\t\t\t\t\t\t\t\t\t\t\t\t<\/p>\n<p>Pr\u00e9nom*<\/p>\n<p>Nom*<\/p>\n<p>Adresse email*<\/p>\n<p>Num\u00e9ro de t\u00e9l\u00e9phone<\/p>\n<p>Comment d\u00e9sirez-vous \u00eatre contact\u00e9?<br \/>\nEmailWhatsAppSMSAppelez-moi <\/p>\n<p>sujet<\/p>\n<p>Votre message<\/p>\n<p>[recaptcha]<\/p>\n<p>L&rsquo;adresse<br \/>\n\t\t\t\t\t\t\t\t\t\t\t\t\t\t\t\t\t\t\t\t\t\t\t\t\t\t\t\t\t\t\t\t\t\t\t\t\tPharoDercks\u00a0Sch\u00f6nhauser Allee 58D &#8211; 10437 BerlinMail:<a href=\"mailto:&#x69;&#x6e;&#x66;o&#064;&#x73;&#x70;&#x72;a&#099;&#x68;&#x65;&#x62;e&#114;&#x6c;&#x69;&#x6e;&#046;&#099;&#x6f;&#x6d;\">\u00a0info\u00a0[\u00e4t]\u00a0spracheberlin.com<\/a>Tel.: +49 30 \/ 23 57 35 44<\/p>\n<p><!-- \/row --><\/p>\n","protected":false},"excerpt":{"rendered":"<p class=\"excerpt\">Comment aller l\u00e0 L\u2019\u00e9cole de langues &#038; galerie d\u2019art contemporain PharoDercks se situe en plein centre du quartier de Prenzlauer Berg, sur l\u2019agr\u00e9able et r\u00e9put\u00e9e promenade de la Sch\u00f6nhauser Allee (non loin du non moins fameux Mauerpark). Il vous sera tr\u00e8s facile de vous y rendre par m\u00e9tro (U-Bahn), par RER (S-Bahn) ou encore par [&hellip;]<\/p>\n","protected":false},"author":1,"featured_media":0,"parent":0,"menu_order":0,"comment_status":"closed","ping_status":"closed","template":"builder.php","meta":[],"_links":{"self":[{"href":"https:\/\/www.spracheberlin.com\/fr\/wp-json\/wp\/v2\/pages\/4587"}],"collection":[{"href":"https:\/\/www.spracheberlin.com\/fr\/wp-json\/wp\/v2\/pages"}],"about":[{"href":"https:\/\/www.spracheberlin.com\/fr\/wp-json\/wp\/v2\/types\/page"}],"author":[{"embeddable":true,"href":"https:\/\/www.spracheberlin.com\/fr\/wp-json\/wp\/v2\/users\/1"}],"replies":[{"embeddable":true,"href":"https:\/\/www.spracheberlin.com\/fr\/wp-json\/wp\/v2\/comments?post=4587"}],"version-history":[{"count":486,"href":"https:\/\/www.spracheberlin.com\/fr\/wp-json\/wp\/v2\/pages\/4587\/revisions"}],"predecessor-version":[{"id":23185,"href":"https:\/\/www.spracheberlin.com\/fr\/wp-json\/wp\/v2\/pages\/4587\/revisions\/23185"}],"wp:attachment":[{"href":"https:\/\/www.spracheberlin.com\/fr\/wp-json\/wp\/v2\/media?parent=4587"}],"curies":[{"name":"wp","href":"https:\/\/api.w.org\/{rel}","templated":true}]}}