{"id":2901,"date":"2018-07-16T20:45:23","date_gmt":"2018-07-16T18:45:23","guid":{"rendered":"https:\/\/www.spracheberlin.com\/?page_id=2901"},"modified":"2023-04-28T16:06:58","modified_gmt":"2023-04-28T14:06:58","slug":"deutsch","status":"publish","type":"page","link":"https:\/\/www.spracheberlin.com\/fr\/deutsch\/","title":{"rendered":"allemand"},"content":{"rendered":"<p>Cours d&#8217;allemand<\/p>\n<p><!-- .container --><br \/>\n\t\t\t\t\t\t\t\t <!-- .overlay --><\/p>\n<p>Cours d&rsquo;allemand \t\t\t\t\t\t\t\t<\/p>\n<p><a href=\"https:\/\/www.spracheberlin.com\/fr\/6449-2\/\"><br \/>\n\t\t\t\t\t\t\t\t\t\t\t\t\t\tRemplir le formulaire\t\t\t\t\t\t\t\t\t\t\t\t\t<\/a><\/p>\n<p><a href=\"https:\/\/www.pharodercks.com\/book-a-course\"><br \/>\n\t\t\t\t\t\t\t\t\t\t\t\t\t\tBOOK NOW\t\t\t\t\t\t\t\t\t\t\t\t\t<\/a><\/p>\n<p>Cours individuels | tous niveaux<br \/>\n\t\t\t\t\t\t\t\t\t\t\t\t\t\t\t\t\t\t\t\t\t\t\t\t\t\t\t\t\t\t\t\t\t\t\t\t\tFran\u00e7ais comme langue d\u2019enseignementNous proposons des cours d\u2019allemand pour tous niveaux avec le fran\u00e7ais comme langue d\u2019enseignement.\u00a0L\u2019enseignant conna\u00eet non seulement les diff\u00e9rences entre le fran\u00e7ais et l\u2019allemand, mais aussi les difficult\u00e9s typiques pour les Fran\u00e7ais qui apprennent la langue allemande. Ces difficult\u00e9s seront donc, au besoin, trait\u00e9es davantage.\u00a0Les similitudes et similarit\u00e9s entre les langues, au niveau grammatical ainsi que lexical, seront \u00e9galement mises en \u00e9vidence, ce qui permet de comprendre, saisir et ma\u00eetriser de nombreux aspects de la langue allemande sans grandes difficult\u00e9s.1*60 minutes: 69,- \u20ac1*90 minutes: 89,- \u20ac10*60 minutes: 590,- \u20ac10*90 minutes: 790,- \u20ac<\/p>\n<p>Cours de groupe<br \/>\n\t\t\t\t\t\t\t\t\t\t\t\t\t\t\t\t\t\t\t\t\t\t\t\t\t\t\t\t\t\t\t\t\t\t\t\t\tLe cours se termine au niveau A1. Il peut \u00eatre poursuivi avec un cours A2 dans le cycle suivant.Cours A1 entier: 550, -\u20ac | 2 fois par semaine | 28 le\u00e7ons | y compris le livreCours A2 entier: 550, -\u20ac | 2 fois par semaine | 28 le\u00e7ons | y compris le livre<\/p>\n<p>Cours individuels | tous niveaux<br \/>\n\t\t\t\t\t\t\t\t\t\t\t\t\t\t\t\t\t\t\t\t\t\t\t\t\t\t\t\t\t\t\t\t\t\t\t\t\t10*60 minutes: 590,- \u20ac10*90 minutes: 790,- \u20ac<\/p>\n<p>Atelier grammaire allemande A1 + A2<br \/>\n\t\t\t\t\t\t\t\t\t\t\t\t\t\t\t\t\t\t\t\t\t\t\t\t\t\t\t\t\t\t\t\t\t\t\t\t\tDans cet atelier nous traiterons des r\u00e8gles de grammaire allemande importantes, mettant l\u2019accent sur ce qui, selon nos experiences, s\u2019est av\u00e9r\u00e9 le plus probl\u00e9matique quand on apprend l\u2019allemand.L\u2019atelier est un bon suppl\u00e9ment d\u2019un cours d\u2019allemand pour adultes, mais il s\u2019adresse aussi aux lyc\u00e9ens allemands qui ont besoin de soutien en grammaire.10 rendez-vous de 90 minutes chacun (20 TU)Prix du cours: 290,- \u20ac \/y compris les mat\u00e9riaux4 \u00e0 8 participants<\/p>\n<p>Atelier grammaire allemande B1 + B2<br \/>\n\t\t\t\t\t\t\t\t\t\t\t\t\t\t\t\t\t\t\t\t\t\t\t\t\t\t\t\t\t\t\t\t\t\t\t\t\tDans cet atelier nous traiterons des r\u00e8gles de grammaire allemande importantes, mettant l\u2019accent sur ce qui, selon nos experiences, s\u2019est av\u00e9r\u00e9 le plus probl\u00e9matique quand on apprend l\u2019allemand.L\u2019atelier est un bon suppl\u00e9ment d\u2019un cours d\u2019allemand pour adultes, mais il s\u2019adresse aussi aux lyc\u00e9ens allemands qui ont besoin de soutien en grammaire.10 rendez-vous de 90 minutes chacun (20 TU)Prix du cours: 290,- \u20ac \/y compris les mat\u00e9riaux4 \u00e0 8 participants<\/p>\n<p><!-- \/row --><\/p>\n<p>Professeur d&rsquo;allemand<br \/>\n\t\t\t\t\t\t\t\t\t\t\t\t\t\t\t\t\t\t\t\t\t\t\t\t\t\t\t\t\t\t\t\t\t\t\t\t\tNos cours d&#8217;allemand sont donn\u00e9s par un professeur qui lui-m\u00eame a appris cette langue comme langue \u00e9trangere. Il est titulaire du Gro\u00dfe Deutsche Sprachdiplom (&#8222;grand dipl\u00f4me de la langue allemande&#8220;) du Goethe Institut avec la meilleure note.<\/p>\n<p>Didactique de l&rsquo;allemand<br \/>\n\t\t\t\t\t\t\t\t\t\t\t\t\t\t\t\t\t\t\t\t\t\t\t\t\t\t\t\t\t\t\t\t\t\t\t\t\tIl a \u00e9galement \u00e9tudi\u00e9 la p\u00e9dagogie et poss\u00e8de ainsi un titre de professeur certifi\u00e9. Torkjell est habilit\u00e9 \u00e0 enseigner aussi bien dans des \u00e9coles norv\u00e9giennes qu\u2019allemandes jusqu\u2019au niveau du baccalaur\u00e9at au lyc\u00e9e.<\/p>\n<p><!-- \/row --><\/p>\n","protected":false},"excerpt":{"rendered":"<p class=\"excerpt\">Cours d&#8217;allemand Cours d&rsquo;allemand Remplir le formulaire BOOK NOW Cours individuels | tous niveaux Fran\u00e7ais comme langue d\u2019enseignementNous proposons des cours d\u2019allemand pour tous niveaux avec le fran\u00e7ais comme langue d\u2019enseignement.\u00a0L\u2019enseignant conna\u00eet non seulement les diff\u00e9rences entre le fran\u00e7ais et l\u2019allemand, mais aussi les difficult\u00e9s typiques pour les Fran\u00e7ais qui apprennent la langue allemande. Ces [&hellip;]<\/p>\n","protected":false},"author":1,"featured_media":0,"parent":0,"menu_order":0,"comment_status":"closed","ping_status":"closed","template":"builder.php","meta":[],"_links":{"self":[{"href":"https:\/\/www.spracheberlin.com\/fr\/wp-json\/wp\/v2\/pages\/2901"}],"collection":[{"href":"https:\/\/www.spracheberlin.com\/fr\/wp-json\/wp\/v2\/pages"}],"about":[{"href":"https:\/\/www.spracheberlin.com\/fr\/wp-json\/wp\/v2\/types\/page"}],"author":[{"embeddable":true,"href":"https:\/\/www.spracheberlin.com\/fr\/wp-json\/wp\/v2\/users\/1"}],"replies":[{"embeddable":true,"href":"https:\/\/www.spracheberlin.com\/fr\/wp-json\/wp\/v2\/comments?post=2901"}],"version-history":[{"count":733,"href":"https:\/\/www.spracheberlin.com\/fr\/wp-json\/wp\/v2\/pages\/2901\/revisions"}],"predecessor-version":[{"id":22806,"href":"https:\/\/www.spracheberlin.com\/fr\/wp-json\/wp\/v2\/pages\/2901\/revisions\/22806"}],"wp:attachment":[{"href":"https:\/\/www.spracheberlin.com\/fr\/wp-json\/wp\/v2\/media?parent=2901"}],"curies":[{"name":"wp","href":"https:\/\/api.w.org\/{rel}","templated":true}]}}