{"id":2033,"date":"2018-07-16T20:26:05","date_gmt":"2018-07-16T18:26:05","guid":{"rendered":"https:\/\/www.spracheberlin.com\/?page_id=2033"},"modified":"2023-04-28T16:06:58","modified_gmt":"2023-04-28T14:06:58","slug":"accueil-2","status":"publish","type":"page","link":"https:\/\/www.spracheberlin.com\/fr\/","title":{"rendered":"accueil"},"content":{"rendered":"<p>BienvenuePharoDercks \u00e9cole de langues<\/p>\n<p><!-- .container --><br \/>\n\t\t\t\t\t\t\t\t <!-- .overlay --><\/p>\n<p><a href=\"https:\/\/www.spracheberlin.com\/fr\/deutsch\/\" target=\"_blank\" rel=\"noopener\"><br \/>\n\t\t\t\t\t\t\t<img decoding=\"async\" loading=\"lazy\" width=\"480\" height=\"480\" src=\"https:\/\/www.spracheberlin.com\/wp-content\/uploads\/2019\/06\/julia-solonina-1086548-unsplash-480x480.jpg\" \/>\t\t\t\t\t\t<\/a><\/p>\n<p><a href=\"https:\/\/www.spracheberlin.com\/fr\/deutsch\/\" target=\"_blank\" rel=\"noopener\"><br \/>\n\t\t\t\t\t\t\t\t\t\t\t\t\t\t\t\t\t\t\t\t\t\t\t\t\t\t\t\t\tAllemand\t\t\t\t\t\t\t\t\t\t\t\t\t\t\t\t\t\t\t\t\t\t\t\t\t\t\t\t\t<\/a><\/p>\n<p><a href=\"https:\/\/www.spracheberlin.com\/norwegisch\/\"><br \/>\n\t\t\t\t\t\t\t<img decoding=\"async\" loading=\"lazy\" width=\"480\" height=\"480\" src=\"https:\/\/www.spracheberlin.com\/wp-content\/uploads\/2019\/06\/mikita-karasiou-591387-unsplash-480x480.jpg\" \/>\t\t\t\t\t\t<\/a><\/p>\n<p><a href=\"https:\/\/www.spracheberlin.com\/norwegisch\/\"><br \/>\n\t\t\t\t\t\t\t\t\t\t\t\t\t\t\t\t\t\t\t\t\t\t\t\t\t\t\t\t\tNorv\u00e9gien\t\t\t\t\t\t\t\t\t\t\t\t\t\t\t\t\t\t\t\t\t\t\t\t\t\t\t\t\t<\/a><\/p>\n<p><a href=\"https:\/\/www.spracheberlin.com\/englisch\/\"><br \/>\n\t\t\t\t\t\t\t<img decoding=\"async\" loading=\"lazy\" width=\"480\" height=\"480\" src=\"https:\/\/www.spracheberlin.com\/wp-content\/uploads\/2019\/06\/adam-wilson-1044540-unsplash-480x480.jpg\" \/>\t\t\t\t\t\t<\/a><\/p>\n<p><a href=\"https:\/\/www.spracheberlin.com\/englisch\/\"><br \/>\n\t\t\t\t\t\t\t\t\t\t\t\t\t\t\t\t\t\t\t\t\t\t\t\t\t\t\t\t\tAnglais\t\t\t\t\t\t\t\t\t\t\t\t\t\t\t\t\t\t\t\t\t\t\t\t\t\t\t\t\t<\/a><\/p>\n<p><a href=\"https:\/\/www.spracheberlin.com\/franzoesisch\/\"><br \/>\n\t\t\t\t\t\t\t<img decoding=\"async\" loading=\"lazy\" width=\"480\" height=\"480\" src=\"https:\/\/www.spracheberlin.com\/wp-content\/uploads\/2019\/06\/jacob-peters-lehm-84415-unsplash-480x480.jpg\" \/>\t\t\t\t\t\t<\/a><\/p>\n<p><a href=\"https:\/\/www.spracheberlin.com\/franzoesisch\/\"><br \/>\n\t\t\t\t\t\t\t\t\t\t\t\t\t\t\t\t\t\t\t\t\t\t\t\t\t\t\t\t\tFran\u00e7ais \t\t\t\t\t\t\t\t\t\t\t\t\t\t\t\t\t\t\t\t\t\t\t\t\t\t\t\t\t<\/a><\/p>\n<p><!-- \/row --><\/p>\n<p>Notre \u00e9cole<br \/>\n\t\t\t\t\t\t\t\t\t\t\t\t\t\t\t\t\t\t\t\t\t\tNous vous proposons des cours de langues qui sortent de l\u2019ordinaire avec une approche comparative, linguistique et \u00e9tymologique. A l\u2019\u00e9cole de langues PharoDercks nous adaptons le cours de langues \u00e0 vos besoins personnels.<\/p>\n<p>A l\u2019\u00e9cole de langues &amp; galerie d\u2019art contemporain PharoDercks de Berlin, nous mettons l\u2019accent sur l\u2019acquisition d\u2019un feeling pour la langue \u00e9tudi\u00e9e. Une langue est bien plus que Google traduction, c\u2019est une part d\u2019art de vivre ; chaque langue a sa propre \u00e2me, son propre temp\u00e9rament, une temp\u00e9rature, \u00e9galement, qui lui est propre. S\u2019il est certes possible de trouver une traduction afin de commander une bi\u00e8re, de fa\u00e7on simple et effective, dans une centaine de langues, par contre, cela ne rel\u00e8ve pas de l\u2019\u00e9vidence, quant \u00e0 savoir si cela est prononc\u00e9 poliment ou de mani\u00e8re insultante. Pour la petite \u00e9tincelle en plus, cela n\u00e9cessite de comprendre que c\u2019est la m\u00e9lodie, le phras\u00e9, les nuances qui font une langue. En tous cas, c\u2019est ce que nous aimerions, avec plaisir, transmettre. De fa\u00e7on active, toujours dans une d\u00e9marche comparative, et ainsi d\u2019autant profond\u00e9ment ancr\u00e9e dans la m\u00e9moire.Nous ne pouvons promettre qu\u2019il suffira de quelques semaines, voire de quelques jours, pour que vous d\u00e9veloppiez une comp\u00e9tence linguistique satisfaisante pour les \u00ab situations simples du quotidien. \u00bb Nous consid\u00e9rons ce concept d\u2019apprentissage comme d\u00e9pass\u00e9 ; ces faciles premiers pas d\u2019acquisition pouvant d\u2019ores-et-d\u00e9j\u00e0 \u00eatre d\u00e9l\u00e9gu\u00e9s aux outils technologiques \u00e0 notre disposition. Pour \u00eatre vraiment honn\u00eate, il ne n\u00e9cessite \u00e0 personne de disposer de grandes connaissances linguistiques afin d\u2019enregistrer un ou deux mots dans la langue d\u2019un pays \u00e9tranger. Un ou deux mots qui, pour la plupart des desseins, se sont r\u00e9v\u00e9l\u00e9s largement suffisants. Pour cela, pas la peine de suivre un cours de langue.<\/p>\n<p><!-- \/row --><\/p>\n","protected":false},"excerpt":{"rendered":"<p class=\"excerpt\">BienvenuePharoDercks \u00e9cole de langues Allemand Norv\u00e9gien Anglais Fran\u00e7ais Notre \u00e9cole Nous vous proposons des cours de langues qui sortent de l\u2019ordinaire avec une approche comparative, linguistique et \u00e9tymologique. A l\u2019\u00e9cole de langues PharoDercks nous adaptons le cours de langues \u00e0 vos besoins personnels. A l\u2019\u00e9cole de langues &amp; galerie d\u2019art contemporain PharoDercks de Berlin, nous [&hellip;]<\/p>\n","protected":false},"author":1,"featured_media":0,"parent":0,"menu_order":0,"comment_status":"closed","ping_status":"closed","template":"builder.php","meta":[],"_links":{"self":[{"href":"https:\/\/www.spracheberlin.com\/fr\/wp-json\/wp\/v2\/pages\/2033"}],"collection":[{"href":"https:\/\/www.spracheberlin.com\/fr\/wp-json\/wp\/v2\/pages"}],"about":[{"href":"https:\/\/www.spracheberlin.com\/fr\/wp-json\/wp\/v2\/types\/page"}],"author":[{"embeddable":true,"href":"https:\/\/www.spracheberlin.com\/fr\/wp-json\/wp\/v2\/users\/1"}],"replies":[{"embeddable":true,"href":"https:\/\/www.spracheberlin.com\/fr\/wp-json\/wp\/v2\/comments?post=2033"}],"version-history":[{"count":923,"href":"https:\/\/www.spracheberlin.com\/fr\/wp-json\/wp\/v2\/pages\/2033\/revisions"}],"predecessor-version":[{"id":23159,"href":"https:\/\/www.spracheberlin.com\/fr\/wp-json\/wp\/v2\/pages\/2033\/revisions\/23159"}],"wp:attachment":[{"href":"https:\/\/www.spracheberlin.com\/fr\/wp-json\/wp\/v2\/media?parent=2033"}],"curies":[{"name":"wp","href":"https:\/\/api.w.org\/{rel}","templated":true}]}}