{"id":18851,"date":"2019-08-28T15:57:54","date_gmt":"2019-08-28T13:57:54","guid":{"rendered":"https:\/\/www.spracheberlin.com\/en-savoir-plus-sur-torkjell-pharo-dercks\/"},"modified":"2023-04-28T16:06:50","modified_gmt":"2023-04-28T14:06:50","slug":"torkjell-pharodercks","status":"publish","type":"page","link":"https:\/\/www.spracheberlin.com\/fr\/torkjell-pharodercks\/","title":{"rendered":"Torkjell Pharo-Dercks"},"content":{"rendered":"<p><img decoding=\"async\" loading=\"lazy\" width=\"500\" height=\"466\" src=\"https:\/\/www.spracheberlin.com\/wp-content\/uploads\/2019\/01\/torkjell_02.jpg\" \/>\t\t\t\t<\/p>\n<p>Torkjell PharoDercks<br \/>\n\t\t\t\t\t\t\t\t\t\t\t\t\t\t\t\t\t\t\t\t\t\t\t\t\t\t\t\t\t\t\t\t\t\t\t\t\tFondateur et copropri\u00e9taire de PharoDerck&#8217;s Language &#038; Art. Il est responsable de l&#8217;ensemble du domaine des langues, de l&#8217;enseignement des langues, de l&#8217;encadrement, des traductions, de l&#8217;assurance de la qualit\u00e9 et des examens. Ses comp\u00e9tences linguistiques comprennent les deux langues germaniques, telles que l&#8217;allemand, le norv\u00e9gien, le n\u00e9erlandais et le su\u00e9dois, ainsi que les langues romanes, le fran\u00e7ais, l&#8217;espagnol et l&#8217;italien. Ses cours de langue \u00e0 l&#8217;\u00e9cole de langue PharoDercks sont ax\u00e9s sur l&#8217;allemand, le fran\u00e7ais et le norv\u00e9gien. Il enseigne aux niveaux A1 \u00e0 C2 pour ces langues et propose des cours de base et des ateliers th\u00e9matiques.Torkjell a fait son baccalaur\u00e9at g\u00e9n\u00e9ral en France. Il a \u00e9tudi\u00e9 \u00e0 Berlin et \u00e0 Oslo, est linguiste avec un ma\u00eetre d\u2019enseignement de l\u2019Universit\u00e9 d\u2019Oslo, a \u00e9galement \u00e9tudi\u00e9 la p\u00e9dagogie et est donc un enseignant qualifi\u00e9. Torkjell Pharo-Dercks dispose des autorisations d\u2019enseignement pour les \u00e9coles allemandes et norv\u00e9giennes, jusqu\u2019\u00e0 l\u2019Abiturstufe des lyc\u00e9es. Il a de nombreuses ann\u00e9es d&#8217;exp\u00e9rience dans l&#8217;enseignement des langues \u00e9trang\u00e8res, \u00e0 la fois dans les \u00e9coles primaires et secondaires, ainsi que dans l&#8217;\u00e9ducation des adultes.Torkjell Pharo-Dercks parle couramment l&#8217;allemand, le fran\u00e7ais et le norv\u00e9gien, ainsi que l&#8217;anglais, l&#8217;espagnol, l&#8217;italien, le su\u00e9dois et le n\u00e9erlandais, et peut int\u00e9grer des r\u00e9f\u00e9rences, des liens et des d\u00e9veloppements de l&#8217;histoire de la langue dans la salle de classe. Cela rend les le\u00e7ons plus excitantes et facilite l&#8217;apprentissage.Cette approche est appel\u00e9e approche comparative et contrastive: apprendre des langues \u00e9trang\u00e8res en \u00e9tablissant des similitudes et des diff\u00e9rences syst\u00e9matiques entre la langue \u00e0 apprendre et la langue maternelle, ou d&#8217;autres langues que l&#8217;on conna\u00eet \/ peut d\u00e9j\u00e0.<\/p>\n<p><!-- \/row --><\/p>\n","protected":false},"excerpt":{"rendered":"<p class=\"excerpt\">Torkjell PharoDercks Fondateur et copropri\u00e9taire de PharoDerck&#8217;s Language &#038; Art. Il est responsable de l&#8217;ensemble du domaine des langues, de l&#8217;enseignement des langues, de l&#8217;encadrement, des traductions, de l&#8217;assurance de la qualit\u00e9 et des examens. Ses comp\u00e9tences linguistiques comprennent les deux langues germaniques, telles que l&#8217;allemand, le norv\u00e9gien, le n\u00e9erlandais et le su\u00e9dois, ainsi que [&hellip;]<\/p>\n","protected":false},"author":3,"featured_media":0,"parent":0,"menu_order":0,"comment_status":"closed","ping_status":"closed","template":"builder.php","meta":[],"_links":{"self":[{"href":"https:\/\/www.spracheberlin.com\/fr\/wp-json\/wp\/v2\/pages\/18851"}],"collection":[{"href":"https:\/\/www.spracheberlin.com\/fr\/wp-json\/wp\/v2\/pages"}],"about":[{"href":"https:\/\/www.spracheberlin.com\/fr\/wp-json\/wp\/v2\/types\/page"}],"author":[{"embeddable":true,"href":"https:\/\/www.spracheberlin.com\/fr\/wp-json\/wp\/v2\/users\/3"}],"replies":[{"embeddable":true,"href":"https:\/\/www.spracheberlin.com\/fr\/wp-json\/wp\/v2\/comments?post=18851"}],"version-history":[{"count":6,"href":"https:\/\/www.spracheberlin.com\/fr\/wp-json\/wp\/v2\/pages\/18851\/revisions"}],"predecessor-version":[{"id":19624,"href":"https:\/\/www.spracheberlin.com\/fr\/wp-json\/wp\/v2\/pages\/18851\/revisions\/19624"}],"wp:attachment":[{"href":"https:\/\/www.spracheberlin.com\/fr\/wp-json\/wp\/v2\/media?parent=18851"}],"curies":[{"name":"wp","href":"https:\/\/api.w.org\/{rel}","templated":true}]}}