{"id":16460,"date":"2019-08-12T02:42:02","date_gmt":"2019-08-12T00:42:02","guid":{"rendered":"https:\/\/www.spracheberlin.com\/16460-2\/"},"modified":"2023-04-28T16:06:50","modified_gmt":"2023-04-28T14:06:50","slug":"16460-2","status":"publish","type":"page","link":"https:\/\/www.spracheberlin.com\/fr\/16460-2\/","title":{"rendered":"\u00e0 propos."},"content":{"rendered":"<p>\u00c0 Propos\t\t\t\t\t\t\t\t<\/p>\n<p><img decoding=\"async\" loading=\"lazy\" width=\"1000\" height=\"1000\" src=\"https:\/\/www.spracheberlin.com\/wp-content\/uploads\/2019\/06\/jonas-denil-721311-unsplash_resized-1000x1000.jpg\" \/>\t\t\t\t<\/p>\n<p>Notre approche et notre but ne visent pas le simple apprentissage d\u2019une langue mais la mise en relation entre divers savoirs, la r\u00e9activation de connaissances pr\u00e9existantes ainsi que la mise en lumi\u00e8re des diff\u00e9rences linguistiques.\u00a0A l\u2019\u00e9cole de langues &#038; galerie d\u2019art contemporain PharoDercks de Berlin, nous mettons l\u2019accent sur l\u2019acquisition d\u2019un feeling pour la langue \u00e9tudi\u00e9e. Une langue est bien plus que Google traduction, c\u2019est une part d\u2019art de vivre ; chaque langue a sa propre \u00e2me, son propre temp\u00e9rament, une temp\u00e9rature, \u00e9galement, qui lui est propre. S\u2019il est certes possible de trouver une traduction afin de commander une bi\u00e8re, de fa\u00e7on simple et effective, dans une centaine de langues, par contre, cela ne rel\u00e8ve pas de l\u2019\u00e9vidence, quant \u00e0 savoir si cela est prononc\u00e9 poliment ou de mani\u00e8re insultante. Pour la petite \u00e9tincelle en plus, cela n\u00e9cessite de comprendre que c\u2019est la m\u00e9lodie, le phras\u00e9, les nuances qui font une langue. En tous cas, c\u2019est ce que nous aimerions, avec plaisir, transmettre. De fa\u00e7on active, toujours dans une d\u00e9marche comparative, et ainsi d\u2019autant profond\u00e9ment ancr\u00e9e dans la m\u00e9moire.Nous ne pouvons promettre qu\u2019il suffira de quelques semaines, voire de quelques jours, pour que vous d\u00e9veloppiez une comp\u00e9tence linguistique satisfaisante pour les \u00ab situations simples du quotidien. \u00bb Nous consid\u00e9rons ce concept d\u2019apprentissage comme d\u00e9pass\u00e9 ; ces faciles premiers pas d\u2019acquisition pouvant d\u2019ores-et-d\u00e9j\u00e0 \u00eatre d\u00e9l\u00e9gu\u00e9s aux outils technologiques \u00e0 notre disposition. Pour \u00eatre vraiment honn\u00eate, il ne n\u00e9cessite \u00e0 personne de disposer de grandes connaissances linguistiques afin d\u2019enregistrer un ou deux mots dans la langue d\u2019un pays \u00e9tranger. Un ou deux mots qui, pour la plupart des desseins, se sont r\u00e9v\u00e9l\u00e9s largement suffisants. Pour cela, pas la peine de suivre un cours de langue.<\/p>\n<p><img decoding=\"async\" loading=\"lazy\" width=\"1000\" height=\"1000\" src=\"https:\/\/www.spracheberlin.com\/wp-content\/uploads\/2019\/07\/IMG_3973-1000x1000.jpg\" \/>\t\t\t\t<\/p>\n<p>Buchholzer Stra\u00dfe 17<\/p>\n<p><img decoding=\"async\" loading=\"lazy\" width=\"1000\" height=\"1000\" src=\"https:\/\/www.spracheberlin.com\/wp-content\/uploads\/2019\/03\/IMG_4002-1000x1000.jpg\" \/>\t\t\t\t<\/p>\n<p>Buchholzer Stra\u00dfe 17 (grande salle)<\/p>\n<p><img decoding=\"async\" loading=\"lazy\" width=\"1000\" height=\"851\" src=\"https:\/\/www.spracheberlin.com\/wp-content\/uploads\/2019\/07\/IMG_8410-1000x851.jpg\" \/>\t\t\t\t<\/p>\n<p>Sch\u00f6nhauser Allee 58<\/p>\n<p><img decoding=\"async\" loading=\"lazy\" width=\"851\" height=\"808\" src=\"https:\/\/www.spracheberlin.com\/wp-content\/uploads\/2019\/03\/kleiner-Raum-Sch\u00f6nhauser.jpg\" \/>\t\t\t\t<\/p>\n<p>Sch\u00f6nhauser Allee 58 (petite salle)<\/p>\n<p><!-- \/row --><\/p>\n","protected":false},"excerpt":{"rendered":"<p class=\"excerpt\">\u00c0 Propos Notre approche et notre but ne visent pas le simple apprentissage d\u2019une langue mais la mise en relation entre divers savoirs, la r\u00e9activation de connaissances pr\u00e9existantes ainsi que la mise en lumi\u00e8re des diff\u00e9rences linguistiques.\u00a0A l\u2019\u00e9cole de langues &#038; galerie d\u2019art contemporain PharoDercks de Berlin, nous mettons l\u2019accent sur l\u2019acquisition d\u2019un feeling pour [&hellip;]<\/p>\n","protected":false},"author":3,"featured_media":0,"parent":0,"menu_order":0,"comment_status":"closed","ping_status":"closed","template":"builder.php","meta":[],"_links":{"self":[{"href":"https:\/\/www.spracheberlin.com\/fr\/wp-json\/wp\/v2\/pages\/16460"}],"collection":[{"href":"https:\/\/www.spracheberlin.com\/fr\/wp-json\/wp\/v2\/pages"}],"about":[{"href":"https:\/\/www.spracheberlin.com\/fr\/wp-json\/wp\/v2\/types\/page"}],"author":[{"embeddable":true,"href":"https:\/\/www.spracheberlin.com\/fr\/wp-json\/wp\/v2\/users\/3"}],"replies":[{"embeddable":true,"href":"https:\/\/www.spracheberlin.com\/fr\/wp-json\/wp\/v2\/comments?post=16460"}],"version-history":[{"count":4,"href":"https:\/\/www.spracheberlin.com\/fr\/wp-json\/wp\/v2\/pages\/16460\/revisions"}],"predecessor-version":[{"id":16503,"href":"https:\/\/www.spracheberlin.com\/fr\/wp-json\/wp\/v2\/pages\/16460\/revisions\/16503"}],"wp:attachment":[{"href":"https:\/\/www.spracheberlin.com\/fr\/wp-json\/wp\/v2\/media?parent=16460"}],"curies":[{"name":"wp","href":"https:\/\/api.w.org\/{rel}","templated":true}]}}