{"id":16089,"date":"2019-07-09T12:19:55","date_gmt":"2019-07-09T10:19:55","guid":{"rendered":"https:\/\/www.spracheberlin.com\/lehrer\/"},"modified":"2023-04-28T16:06:53","modified_gmt":"2023-04-28T14:06:53","slug":"lehrer-2","status":"publish","type":"page","link":"https:\/\/www.spracheberlin.com\/fr\/lehrer-2\/","title":{"rendered":"Lehrer|innen"},"content":{"rendered":"<p>L&rsquo;enseignants\t\t\t\t\t\t\t\t<\/p>\n<p><img decoding=\"async\" loading=\"lazy\" width=\"222\" height=\"320\" src=\"https:\/\/www.spracheberlin.com\/wp-content\/uploads\/2018\/11\/JET_FOTO-smil-Sep-2018-1.jpeg\" \/>\t\t\t\t<\/p>\n<p>Bj\u00f8rg Hellum<br \/>\n\t\t\t\t\t\t\t\t\t\t\t\t\t\t\t\t\t\t\t\t\t\t\t\t\t\t\t\t\t\t\t\t\t\t\t\t\tAvec Bj\u00f8rg Hellum, l\u2019\u00e9cole de langues PharoDercks propose une distribution de haut calibre pour nos s\u00e9minaires d\u2019anglais.\u00a0Elle est une instructrice d\u00e9vou\u00e9e et passionn\u00e9e.\u00a0Au cours de ses nombreuses ann\u00e9es de travail universitaire dans le domaine de la communication en anglais, en tant que charg\u00e9e de cours priv\u00e9e, en tant que charg\u00e9e de cours dans des universit\u00e9s et auparavant en tant que professeur de langues \u00e0 l\u2019\u00e9cole, Mme Hellum peut s\u2019appuyer sur une mine de connaissances, d\u2019applications pratiques et d\u2019exp\u00e9rience en enseignement.\u00a0Elle anime nos s\u00e9minaires sp\u00e9ciaux, principalement en anglais, mais \u00e9galement en norv\u00e9gien ou en allemand, adapt\u00e9s \u00e0 diff\u00e9rents besoins, notamment en mati\u00e8re de communication pratique.<\/p>\n<p><img decoding=\"async\" loading=\"lazy\" width=\"222\" height=\"320\" src=\"https:\/\/www.spracheberlin.com\/wp-content\/uploads\/2019\/07\/torkjellsmaller.jpg\" \/>\t\t\t\t<\/p>\n<p>Torkjell PharoDercks<br \/>\n\t\t\t\t\t\t\t\t\t\t\t\t\t\t\t\t\t\t\t\t\t\t\t\t\t\t\t\t\t\t\t\t\t\t\t\t\tTorkjell est fondateur et copropri\u00e9taire de l&#8217;\u00e9cole de langue PharoDercks.\u00a0Il est responsable de l&#8217;ensemble du domaine des langues, de l&#8217;enseignement des langues, de l&#8217;encadrement, des traductions, de l&#8217;assurance de la qualit\u00e9 et des examens.\u00a0Ses comp\u00e9tences linguistiques comprennent les deux langues germaniques, telles que l&#8217;allemand, le norv\u00e9gien, le n\u00e9erlandais et le su\u00e9dois, ainsi que les langues romanes, le fran\u00e7ais, l&#8217;espagnol et l&#8217;italien.\u00a0Ses cours de langue \u00e0 l&#8217;\u00e9cole de langue PharoDercks sont ax\u00e9s sur l&#8217;allemand, le fran\u00e7ais et le norv\u00e9gien.\u00a0Il enseigne aux niveaux A1 \u00e0 C1 \/ 2 pour ces langues et propose des cours de base et des ateliers th\u00e9matiques.<\/p>\n<p><!-- \/row --><\/p>\n","protected":false},"excerpt":{"rendered":"<p class=\"excerpt\">L&rsquo;enseignants Bj\u00f8rg Hellum Avec Bj\u00f8rg Hellum, l\u2019\u00e9cole de langues PharoDercks propose une distribution de haut calibre pour nos s\u00e9minaires d\u2019anglais.\u00a0Elle est une instructrice d\u00e9vou\u00e9e et passionn\u00e9e.\u00a0Au cours de ses nombreuses ann\u00e9es de travail universitaire dans le domaine de la communication en anglais, en tant que charg\u00e9e de cours priv\u00e9e, en tant que charg\u00e9e de cours [&hellip;]<\/p>\n","protected":false},"author":1,"featured_media":0,"parent":0,"menu_order":0,"comment_status":"closed","ping_status":"closed","template":"builder.php","meta":[],"_links":{"self":[{"href":"https:\/\/www.spracheberlin.com\/fr\/wp-json\/wp\/v2\/pages\/16089"}],"collection":[{"href":"https:\/\/www.spracheberlin.com\/fr\/wp-json\/wp\/v2\/pages"}],"about":[{"href":"https:\/\/www.spracheberlin.com\/fr\/wp-json\/wp\/v2\/types\/page"}],"author":[{"embeddable":true,"href":"https:\/\/www.spracheberlin.com\/fr\/wp-json\/wp\/v2\/users\/1"}],"replies":[{"embeddable":true,"href":"https:\/\/www.spracheberlin.com\/fr\/wp-json\/wp\/v2\/comments?post=16089"}],"version-history":[{"count":209,"href":"https:\/\/www.spracheberlin.com\/fr\/wp-json\/wp\/v2\/pages\/16089\/revisions"}],"predecessor-version":[{"id":23149,"href":"https:\/\/www.spracheberlin.com\/fr\/wp-json\/wp\/v2\/pages\/16089\/revisions\/23149"}],"wp:attachment":[{"href":"https:\/\/www.spracheberlin.com\/fr\/wp-json\/wp\/v2\/media?parent=16089"}],"curies":[{"name":"wp","href":"https:\/\/api.w.org\/{rel}","templated":true}]}}