{"id":16021,"date":"2019-08-10T14:45:30","date_gmt":"2019-08-10T12:45:30","guid":{"rendered":"https:\/\/www.spracheberlin.com\/traductions\/"},"modified":"2023-04-28T16:06:51","modified_gmt":"2023-04-28T14:06:51","slug":"traductions","status":"publish","type":"page","link":"https:\/\/www.spracheberlin.com\/fr\/traductions\/","title":{"rendered":"Traductions"},"content":{"rendered":"<p>Les Langues<br \/>\n\t\t\t\t\t\t\t\t\t\t\t\t\t\t\t\t\t\t\t\t\t\ten allemandNorv\u00e9gien -&gt; AL &nbsp;Anglais -&gt; ALFran\u00e7ais -&gt; ALen norv\u00e9gien (bokm\u00e5l)Allemand -&gt; NORFran\u00e7ais -&gt; NORAnglais -&gt; NOR<\/p>\n<p>Prix<br \/>\n\t\t\t\t\t\t\t\t\t\t\t\t\t\t\t\t\t\t\t\t\t\t\t\t\t\t\t\t\t\t\t\t\t\t\t\t\tLes prix d\u00e9pendent de la taille, du niveau de difficult\u00e9, du format et se r\u00e8glent g\u00e9n\u00e9ralement par mot, dans certains cas, par ligne.<\/p>\n<p>Offre<br \/>\n\t\t\t\t\t\t\t\t\t\t\t\t\t\t\t\t\t\t\t\t\t\t\t\t\t\t\t\t\t\t\t\t\t\t\t\t\tEnvoyez-nous votre texte et nous vous ferons une offre. La confidentialit\u00e9 est \u00e9vidente<\/p>\n<p><!-- \/row --><\/p>\n","protected":false},"excerpt":{"rendered":"<p class=\"excerpt\">Les Langues en allemandNorv\u00e9gien -&gt; AL &nbsp;Anglais -&gt; ALFran\u00e7ais -&gt; ALen norv\u00e9gien (bokm\u00e5l)Allemand -&gt; NORFran\u00e7ais -&gt; NORAnglais -&gt; NOR Prix Les prix d\u00e9pendent de la taille, du niveau de difficult\u00e9, du format et se r\u00e8glent g\u00e9n\u00e9ralement par mot, dans certains cas, par ligne. Offre Envoyez-nous votre texte et nous vous ferons une offre. La confidentialit\u00e9 [&hellip;]<\/p>\n","protected":false},"author":1,"featured_media":0,"parent":0,"menu_order":0,"comment_status":"closed","ping_status":"closed","template":"builder.php","meta":[],"_links":{"self":[{"href":"https:\/\/www.spracheberlin.com\/fr\/wp-json\/wp\/v2\/pages\/16021"}],"collection":[{"href":"https:\/\/www.spracheberlin.com\/fr\/wp-json\/wp\/v2\/pages"}],"about":[{"href":"https:\/\/www.spracheberlin.com\/fr\/wp-json\/wp\/v2\/types\/page"}],"author":[{"embeddable":true,"href":"https:\/\/www.spracheberlin.com\/fr\/wp-json\/wp\/v2\/users\/1"}],"replies":[{"embeddable":true,"href":"https:\/\/www.spracheberlin.com\/fr\/wp-json\/wp\/v2\/comments?post=16021"}],"version-history":[{"count":4,"href":"https:\/\/www.spracheberlin.com\/fr\/wp-json\/wp\/v2\/pages\/16021\/revisions"}],"predecessor-version":[{"id":19704,"href":"https:\/\/www.spracheberlin.com\/fr\/wp-json\/wp\/v2\/pages\/16021\/revisions\/19704"}],"wp:attachment":[{"href":"https:\/\/www.spracheberlin.com\/fr\/wp-json\/wp\/v2\/media?parent=16021"}],"curies":[{"name":"wp","href":"https:\/\/api.w.org\/{rel}","templated":true}]}}