{"id":11620,"date":"2019-06-20T13:18:19","date_gmt":"2019-06-20T11:18:19","guid":{"rendered":"https:\/\/www.spracheberlin.com\/cours-de-langues\/"},"modified":"2023-04-28T16:06:53","modified_gmt":"2023-04-28T14:06:53","slug":"cours-de-langues","status":"publish","type":"page","link":"https:\/\/www.spracheberlin.com\/fr\/cours-de-langues\/","title":{"rendered":"cours de langues"},"content":{"rendered":"<p>Cours de langues<\/p>\n<p><!-- .container --><br \/>\n\t\t\t\t\t\t\t\t <!-- .overlay --><\/p>\n<p><a href=\"https:\/\/www.spracheberlin.com\/fr\/deutsch\/\"><br \/>\n\t\t\t\t\t\t\t<img decoding=\"async\" loading=\"lazy\" width=\"1000\" height=\"1000\" src=\"https:\/\/www.spracheberlin.com\/wp-content\/uploads\/2019\/06\/julia-solonina-1086548-unsplash-1000x1000.jpg\" \/>\t\t\t\t\t\t<\/a><\/p>\n<p>AllemandNous offrons des cours particuliers des cours intensifs, des cours de conversation, du coaching en allemand ainsi que des cours standards pour les niveaux A1, A2, B1, B2 et C1. Nous proposons aussi des cours individuels et du coaching en allemand au niveau C2.Nous assurons majoritairement des cours pour des groupes de niveaux A1, A2, B1 et B2.<br \/>\n\t\t\t\t\t\t\t\t\t\t\t\t\t\t\t\t\t\t\t\t\t\t\t\t\t\t\t\t\t\t\t\t\t\t\t\t\t<a href=\"https:\/\/www.spracheberlin.com\/fr\/deutsch\/\"><br \/>\n\t\t\t\t\t\t\t\t\t\t\t\t\t\ten savoir plus\t\t\t\t\t\t\t\t\t\t\t\t\t<\/a><\/p>\n<p><a href=\"https:\/\/www.spracheberlin.com\/norwegisch\/\"><br \/>\n\t\t\t\t\t\t\t<img decoding=\"async\" loading=\"lazy\" width=\"1000\" height=\"1000\" src=\"https:\/\/www.spracheberlin.com\/wp-content\/uploads\/2019\/06\/mikita-karasiou-591387-unsplash-1000x1000.jpg\" \/>\t\t\t\t\t\t<\/a><\/p>\n<p>Norv\u00e9gienL\u2019enseignement du norv\u00e9gien est assur\u00e9 par un professeur hautement qualifi\u00e9 et de langue maternelle norv\u00e9gienne. Les cours d\u2019initiation et les cours en groupes ont essentiellement lieu pour les niveaux A1, A2 et B1. Quant aux cours intensifs ou quant aux cours de pr\u00e9paration \u00e0 l\u2019\u00e9migration, nous les r\u00e9partissons de fa\u00e7on individuelle sur tous les niveaux.Pour les niveaux plus \u00e9lev\u00e9s B1, B2 et C1, l\u2019\u00e9cole de langues PharoDercks propose, pour une modique somme, des cours individuels, des cours intensifs, des cours de conversation, des cours standards en groupes, ainsi qu\u2019un coaching individuel en norv\u00e9gien pour le niveau C2.<br \/>\n\t\t\t\t\t\t\t\t\t\t\t\t\t\t\t\t\t\t\t\t\t\t\t\t\t\t\t\t\t\t\t\t\t\t\t\t\t<a href=\"https:\/\/www.spracheberlin.com\/norwegisch\/\"><br \/>\n\t\t\t\t\t\t\t\t\t\t\t\t\t\ten savoir plus\t\t\t\t\t\t\t\t\t\t\t\t\t<\/a><\/p>\n<p><a href=\"https:\/\/www.spracheberlin.com\/englisch\/\"><br \/>\n\t\t\t\t\t\t\t<img decoding=\"async\" loading=\"lazy\" width=\"1000\" height=\"1000\" src=\"https:\/\/www.spracheberlin.com\/wp-content\/uploads\/2019\/06\/adam-wilson-1044540-unsplash-1000x1000.jpg\" \/>\t\t\t\t\t\t<\/a><\/p>\n<p>AnglaisA l\u2019\u00e9cole de langues PharoDercks, l\u2019enseignement de l\u2019anglais a des vis\u00e9es pratiques et est assur\u00e9 par un coach exp\u00e9riment\u00e9 et de langue maternelle anglaise.Notre offre s\u2019\u00e9tend aussi bien aux cours standards d\u2019anglais pour les niveaux A1, A2 que B1 ; qu\u2019il s\u2019agisse d\u2019un besoin pour la vie priv\u00e9e ou pour une utilisation professionnelle.En outre, s\u2019ajoutent \u00e0 nos groupes th\u00e9matiques comme \u00ab l\u2019anglais professionnel \u00bb ou \u00ab l\u2019anglais au sein d\u2019une compagnie \u00bb (correspondance, n\u00e9gociations, communication intra-entreprise), des cours intensifs, des ateliers articul\u00e9s autour de th\u00e9matiques sp\u00e9cifiques et des cours standards pour les niveaux B1, B2 et C1 ainsi que du coaching individuel en anglais pour le niveau C2.<br \/>\n\t\t\t\t\t\t\t\t\t\t\t\t\t\t\t\t\t\t\t\t\t\t\t\t\t\t\t\t\t\t\t\t\t\t\t\t\t<a href=\"https:\/\/www.spracheberlin.com\/englisch\/\"><br \/>\n\t\t\t\t\t\t\t\t\t\t\t\t\t\ten savoir plus\t\t\t\t\t\t\t\t\t\t\t\t\t<\/a><\/p>\n<p><a href=\"https:\/\/www.spracheberlin.com\/franzoesisch\/\"><br \/>\n\t\t\t\t\t\t\t<img decoding=\"async\" loading=\"lazy\" width=\"1000\" height=\"1000\" src=\"https:\/\/www.spracheberlin.com\/wp-content\/uploads\/2019\/06\/jacob-peters-lehm-84415-unsplash-1000x1000.jpg\" \/>\t\t\t\t\t\t<\/a><\/p>\n<p>Fran\u00e7aisNous assurons majoritairement des cours pour des groupes de niveaux A1, A2, B1 et B2.L\u2019\u00e9cole de langues PharoDercks offre des cours particuliers, des cours intensifs, des cours de conversation, du coaching en fran\u00e7ais ainsi que des cours standards pour les niveaux A1, A2, B1, B2 et C1. Nous proposons aussi des cours individuels et du coaching en fran\u00e7ais au niveau C2.<a href=\"https:\/\/www.spracheberlin.com\/franzoesisch\/\"><\/a><br \/>\n\t\t\t\t\t\t\t\t\t\t\t\t\t\t\t\t\t\t\t\t\t\t\t\t\t\t\t\t\t\t\t\t\t\t\t\t\t<a href=\"https:\/\/www.spracheberlin.com\/franzoesisch\/\"><br \/>\n\t\t\t\t\t\t\t\t\t\t\t\t\t\ten savoir plus\t\t\t\t\t\t\t\t\t\t\t\t\t<\/a><\/p>\n<p><!-- \/row --><\/p>\n","protected":false},"excerpt":{"rendered":"<p class=\"excerpt\">Cours de langues AllemandNous offrons des cours particuliers des cours intensifs, des cours de conversation, du coaching en allemand ainsi que des cours standards pour les niveaux A1, A2, B1, B2 et C1. Nous proposons aussi des cours individuels et du coaching en allemand au niveau C2.Nous assurons majoritairement des cours pour des groupes de [&hellip;]<\/p>\n","protected":false},"author":3,"featured_media":0,"parent":0,"menu_order":0,"comment_status":"closed","ping_status":"closed","template":"builder.php","meta":[],"_links":{"self":[{"href":"https:\/\/www.spracheberlin.com\/fr\/wp-json\/wp\/v2\/pages\/11620"}],"collection":[{"href":"https:\/\/www.spracheberlin.com\/fr\/wp-json\/wp\/v2\/pages"}],"about":[{"href":"https:\/\/www.spracheberlin.com\/fr\/wp-json\/wp\/v2\/types\/page"}],"author":[{"embeddable":true,"href":"https:\/\/www.spracheberlin.com\/fr\/wp-json\/wp\/v2\/users\/3"}],"replies":[{"embeddable":true,"href":"https:\/\/www.spracheberlin.com\/fr\/wp-json\/wp\/v2\/comments?post=11620"}],"version-history":[{"count":363,"href":"https:\/\/www.spracheberlin.com\/fr\/wp-json\/wp\/v2\/pages\/11620\/revisions"}],"predecessor-version":[{"id":23151,"href":"https:\/\/www.spracheberlin.com\/fr\/wp-json\/wp\/v2\/pages\/11620\/revisions\/23151"}],"wp:attachment":[{"href":"https:\/\/www.spracheberlin.com\/fr\/wp-json\/wp\/v2\/media?parent=11620"}],"curies":[{"name":"wp","href":"https:\/\/api.w.org\/{rel}","templated":true}]}}