{"id":319,"date":"2015-11-26T15:03:15","date_gmt":"2015-11-26T15:03:15","guid":{"rendered":"http:\/\/www.spracheberlin.com\/en\/?page_id=319"},"modified":"2023-04-28T16:07:04","modified_gmt":"2023-04-28T14:07:04","slug":"french","status":"publish","type":"page","link":"https:\/\/www.spracheberlin.com\/en\/french\/","title":{"rendered":"Franz\u00f6sisch"},"content":{"rendered":"<p>French courses for all levels<br \/>\n\t\t\t\t\t\t\t\t\t\t\t\t\t\t\t\t\t\t\t\t\t\t\t\t\t\t\t\t\t\t\t\t\t\t\t\t\t\t\t\tWe offer you out of the ordinary French lessons.&nbsp;Whether you want to learn the language from scratch, or you intend to freshen up your already&nbsp;acquired skills, we will adapt our teaching to your&nbsp;current level and individual needs.<\/p>\n<p><!-- .container --><br \/>\n\t\t\t\t\t\t\t\t <!-- .overlay --><\/p>\n<p>Highly qualified teachers<br \/>\n\t\t\t\t\t\t\t\t\t\t\t\t\t\t\t\t\t\t\t\t\t\t\t\t\t\t\t\t\t\t\t\t\t\t\t\t\tOur teacher has also learned French as a foreign language having spent three years as a teenager in France where he has attended lyc\u00e9e (High School) and has graduated with the prestigious baccalaur\u00e9at g\u00e9n\u00e9ral. He furthermore has completed his masters degree in French language at the University of Oslo.<\/p>\n<p>French didactics<br \/>\n\t\t\t\t\t\t\t\t\t\t\t\t\t\t\t\t\t\t\t\t\t\t\t\t\t\t\t\t\t\t\t\t\t\t\t\t\tIn addition to his academic credentials, he also has completed his diploma degree in pedagogics and French didactics enabling him to be a a licenced high school teacher in Norway, which is also accredited in Germany.<\/p>\n<p><!-- \/row --><\/p>\n","protected":false},"excerpt":{"rendered":"<p class=\"excerpt\">French courses for all levels We offer you out of the ordinary French lessons.&nbsp;Whether you want to learn the language from scratch, or you intend to freshen up your already&nbsp;acquired skills, we will adapt our teaching to your&nbsp;current level and individual needs. Highly qualified teachers Our teacher has also learned French as a foreign language [&hellip;]<\/p>\n","protected":false},"author":1,"featured_media":0,"parent":0,"menu_order":0,"comment_status":"closed","ping_status":"closed","template":"builder.php","meta":[],"_links":{"self":[{"href":"https:\/\/www.spracheberlin.com\/en\/wp-json\/wp\/v2\/pages\/319"}],"collection":[{"href":"https:\/\/www.spracheberlin.com\/en\/wp-json\/wp\/v2\/pages"}],"about":[{"href":"https:\/\/www.spracheberlin.com\/en\/wp-json\/wp\/v2\/types\/page"}],"author":[{"embeddable":true,"href":"https:\/\/www.spracheberlin.com\/en\/wp-json\/wp\/v2\/users\/1"}],"replies":[{"embeddable":true,"href":"https:\/\/www.spracheberlin.com\/en\/wp-json\/wp\/v2\/comments?post=319"}],"version-history":[{"count":15,"href":"https:\/\/www.spracheberlin.com\/en\/wp-json\/wp\/v2\/pages\/319\/revisions"}],"predecessor-version":[{"id":23171,"href":"https:\/\/www.spracheberlin.com\/en\/wp-json\/wp\/v2\/pages\/319\/revisions\/23171"}],"wp:attachment":[{"href":"https:\/\/www.spracheberlin.com\/en\/wp-json\/wp\/v2\/media?parent=319"}],"curies":[{"name":"wp","href":"https:\/\/api.w.org\/{rel}","templated":true}]}}