{"id":10390,"date":"2019-06-07T16:11:00","date_gmt":"2019-06-07T14:11:00","guid":{"rendered":"https:\/\/www.spracheberlin.com\/?page_id=10390"},"modified":"2023-04-28T16:06:55","modified_gmt":"2023-04-28T14:06:55","slug":"bjorg-hellum","status":"publish","type":"page","link":"https:\/\/www.spracheberlin.com\/en\/bjorg-hellum\/","title":{"rendered":"Bj\u00f8rg Hellum"},"content":{"rendered":"<p>Bj\u00f8rg Hellum\t\t\t\t\t\t\t\t<\/p>\n<p><img decoding=\"async\" loading=\"lazy\" width=\"222\" height=\"320\" src=\"https:\/\/www.spracheberlin.com\/wp-content\/uploads\/2018\/11\/JET_FOTO-smil-Sep-2018.jpeg\" \/>\t\t\t\t<\/p>\n<p>Bj\u00f8rg is responsible for all English seminars and workshops at PharoDercks. She has years of experience teaching various at various levels of secondary school as well as undergrad courses in universities. Her English courses are made especially for those who are looking to gain more practical experience with the English language. Developing communication skills for real-life situations is the main focus.She is a dedicated and passionate course instructor. Her many years of experience in the field of English communication allow her to be of great help to students in just about any situation.\u00a0<\/p>\n<p>Experience<br \/>\n\t\t\t\t\t\t\t\t\t\t\t\t\t\t\t\t\t\t\t\t\t\t\t\t\t\t\t\t\t\t\t\t\t\t\t\t\tAfter 2016: Retirement from post as Associate Professor in Norway and settlement in Berlin:In-house training of English business communication. Intermediate to high level (B2\/C1). Example: Markengold, a PR agencyIndividual and group training of \u201cEnglish for the job\u201d. Lower, intermediate or higher (A\/B\/C) level.Teaching beginner\u2019s\/survival German to NorwegiansTeaching beginner\u2019s\/survival Norwegian to GermansBeing external examiner at two universities (Hi\u00d8 and Oslo Metropolitan University), English business communication courses1998-2016: Associate Professor at H\u00f8gskolen i \u00d8stfold \/ \u00d8stfold University of Applied Sciences (Hi\u00d8), Halden, Norway and academic head of Bachelor\u2019s Programme in International Communication:Curriculum development and teaching of:Professional communication in English such as presentations, email and memo writing, business negotiationsCorporate communication, English: corporate identity and reputation, crisis communicationCopywriting: writing for the media and for advertising, EnglishFunctional translation, i.e. cross-cultural and transcreational translation, Norwegian-English-NorwegianCommunication training (in Norwegian) for student leaders2010-2016: English communication training for academic and administrative staff at Hi\u00d8Training academics to present research papers at international conferencesTraining administrative staff to communicate with international students and universities: oral communication and emailsEditing PhD theses written in English2000-2006: Participating in \u201cCompetence Enhancement in the \u00d8stfold Region\u201d, training English business communication in companies such as:Fortum, a merger of electricity providers in Norway, Sweden, Finland and the Baltic countriesEnglish chosen as corporate language, thus language training was needed for lower and intermediate management staff for presentations, board meetings, email writing etc.1995-97: Lecturer at NKI University College (now part of Kristiania University College, Oslo)Teaching technical and business English and environmental managementParticipating in developing a fully-fledged problem-based curriculum1982-1997: Lecturer at H\u00e6rens ingeni\u00f8rh\u00f8gskole \/ the Norwegian Army College of Engineering, a combined military training school and university of construction engineering\u00a0Curriculum development and teaching of courses inTechnical, business and military EnglishTechnical GermanEnvironment management for construction engineersTraining civilian Army technicians in personnel management and communicationLeading the development of a new, problem-based and project-oriented curriculum in the engineering college\u00a0One year: teaching technical English to car mechanics in a vocational school in the Norwegian ArmyMid 1990s: Teaching English in a business college specialising in teacher training for vocational studies\u00a0Mid 1990s: Developing and teaching extracurricular courses for students at various Norwegian universities: \u201cThe first-year university experience\u201d (study technique etc.)1973-1980: Teacher in Lower Secondary School in Norway (14-16 years old pupils)Teaching English, German and social studies<\/p>\n<p>Background<br \/>\n\t\t\t\t\t\t\t\t\t\t\t\t\t\t\t\t\t\t\t\t\t\t\t\t\t\t\t\t\t\t\t\t\t\t\t\t\tCand.Philol. degree (between Master\u2019s and PhD) from the University of Oslo with English as main subject and also comprising German, Norwegian, and pedagogy and teacher trainingSeparate courses: Environmental management (NTNU); Project management; the Freshman Year Experience (USA)Unfinished PhD project, researching corporate identity and reputation (University of Aarhus, Denmark)<\/p>\n<p><!-- \/row --><\/p>\n","protected":false},"excerpt":{"rendered":"<p class=\"excerpt\">Bj\u00f8rg Hellum Bj\u00f8rg is responsible for all English seminars and workshops at PharoDercks. She has years of experience teaching various at various levels of secondary school as well as undergrad courses in universities. Her English courses are made especially for those who are looking to gain more practical experience with the English language. Developing communication [&hellip;]<\/p>\n","protected":false},"author":3,"featured_media":0,"parent":0,"menu_order":0,"comment_status":"closed","ping_status":"closed","template":"builder.php","meta":[],"_links":{"self":[{"href":"https:\/\/www.spracheberlin.com\/en\/wp-json\/wp\/v2\/pages\/10390"}],"collection":[{"href":"https:\/\/www.spracheberlin.com\/en\/wp-json\/wp\/v2\/pages"}],"about":[{"href":"https:\/\/www.spracheberlin.com\/en\/wp-json\/wp\/v2\/types\/page"}],"author":[{"embeddable":true,"href":"https:\/\/www.spracheberlin.com\/en\/wp-json\/wp\/v2\/users\/3"}],"replies":[{"embeddable":true,"href":"https:\/\/www.spracheberlin.com\/en\/wp-json\/wp\/v2\/comments?post=10390"}],"version-history":[{"count":9,"href":"https:\/\/www.spracheberlin.com\/en\/wp-json\/wp\/v2\/pages\/10390\/revisions"}],"predecessor-version":[{"id":19961,"href":"https:\/\/www.spracheberlin.com\/en\/wp-json\/wp\/v2\/pages\/10390\/revisions\/19961"}],"wp:attachment":[{"href":"https:\/\/www.spracheberlin.com\/en\/wp-json\/wp\/v2\/media?parent=10390"}],"curies":[{"name":"wp","href":"https:\/\/api.w.org\/{rel}","templated":true}]}}